{"id":14397,"date":"2021-03-17T21:30:48","date_gmt":"2021-03-17T20:30:48","guid":{"rendered":"https:\/\/www.rokenderegahs.nl\/?page_id=14397"},"modified":"2025-09-09T10:53:22","modified_gmt":"2025-09-09T08:53:22","slug":"privacy","status":"publish","type":"page","link":"https:\/\/www.rokenderegahs.nl\/de\/privacy\/","title":{"rendered":"Datenschutz"},"content":{"rendered":"<div class=\"brz-root__container brz-reset-all brz\">\n<section id=\"xwzzqehvhsvqsdeesuealcwwspceibhcppoh\" class=\"brz-section brz-css-xSuPr\">\n<div class=\"brz-section__content brz-section--boxed brz-css-s12VR brz-css-txJE9\" data-brz-custom-id=\"peefnmqcdlxtwkkgygrlyihtjgxiibpblbuy\">\n<div class=\"brz-bg\">\n<div class=\"brz-bg-image\"><\/div>\n<div class=\"brz-bg-color\"><\/div>\n<\/div>\n<div class=\"brz-container brz-css-iYw7v\">\n<div id=\"\" class=\"brz-css-wWyQg brz-wrapper\">\n<div class=\"brz-rich-text brz-rich-text__custom brz-css-rSvcQ\" data-brz-custom-id=\"nhbhxnalgpkymclrphcirwhlsfjquqbzskhw\">\n<div data-brz-translate-text=\"1\">\n<p class=\"brz-tp-heading2 brz-css-cVfjI\"><span class=\"brz-cp-color8\">Erkl\u00e4rung zum Datenschutz <\/span><\/p>\n<\/div>\n<\/div>\n<\/div>\n<div id=\"\" class=\"brz-css-wWyQg brz-wrapper\">\n<div class=\"brz-rich-text brz-rich-text__custom brz-css-rSvcQ\" data-brz-custom-id=\"boccicutenodbtszimtasapxhxwnlgevcafq\">\n<div data-brz-translate-text=\"1\">\n<p class=\"brz-tp-paragraph brz-css-fkXl6\"><span class=\"brz-cp-color6\">Unsere Website-Adresse lautet: https:\/\/www.rokenderegahs.nl.<\/span><\/p>\n<p class=\"brz-tp-paragraph brz-css-g2gXU\"><span class=\"brz-cp-color6\"> <\/span><\/p>\n<p class=\"brz-tp-paragraph brz-css-w0ipE\"><span class=\"brz-cp-color6\">Wenn Besucher Kommentare auf der Website hinterlassen, erfassen wir die im Kommentarformular angezeigten Daten, die IP-Adresse des Besuchers und den User-Agent des Browsers, um Spam zu erkennen.<\/span><\/p>\n<p class=\"brz-tp-paragraph brz-css-uUNZ5\"><span class=\"brz-cp-color6\"> <\/span><\/p>\n<p class=\"brz-tp-paragraph brz-css-u_Z4E\"><span class=\"brz-cp-color6\">Eine anonymisierte Zeichenfolge, die aus Ihrer E-Mail-Adresse erstellt wird (auch Hash genannt), kann an den Gravatar-Dienst gesendet werden, wenn Sie diesen nutzen. Die Seite mit den Datenschutzbestimmungen finden Sie hier: https:\/\/automattic.com\/privacy\/. Nachdem Ihr Kommentar genehmigt wurde, ist Ihr Profilbild im Zusammenhang mit Ihrem Kommentar \u00f6ffentlich sichtbar.<\/span><\/p>\n<p class=\"brz-tp-paragraph brz-css-ns7eb\"><span class=\"brz-cp-color6\"> <\/span><\/p>\n<p class=\"brz-tp-paragraph brz-css-u0kCg\"><span class=\"brz-cp-color6\">Wenn Sie ein registrierter Benutzer sind und Bilder auf die Website hochladen, sollten Sie es vermeiden, Bilder hochzuladen, die EXIF-GPS-Standortdaten enthalten. Die Besucher der Website k\u00f6nnen die Bilder von der Website herunterladen und die Standortdaten einsehen.<\/span><\/p>\n<p class=\"brz-tp-paragraph brz-css-tv7jq\"><span class=\"brz-cp-color6\"> <\/span><\/p>\n<p class=\"brz-tp-paragraph brz-css-qSOzb\"><span class=\"brz-cp-color6\">Wenn Sie einen Kommentar auf unserer Website hinterlassen, k\u00f6nnen Sie angeben, ob Ihr Name, Ihre E-Mail-Adresse und Ihr Standort in einem Cookie gespeichert werden d\u00fcrfen. Wir tun dies aus Gr\u00fcnden der Bequemlichkeit, damit Sie diese Angaben nicht erneut eingeben m\u00fcssen, wenn Sie einen neuen Kommentar hinterlassen. Diese Cookies sind ein Jahr lang g\u00fcltig. <\/span><\/p>\n<p class=\"brz-tp-paragraph brz-css-f4z7Y\"><span class=\"brz-cp-color6\"> <\/span><\/p>\n<p class=\"brz-tp-paragraph brz-css-yTJH2\"><span class=\"brz-cp-color6\"> Wenn Sie unsere Login-Seite besuchen, speichern wir ein tempor\u00e4res Cookie, um zu pr\u00fcfen, ob Ihr Browser Cookies akzeptiert. Dieses Cookie enth\u00e4lt keine pers\u00f6nlichen Daten und wird gel\u00f6scht, wenn Sie Ihren Browser schlie\u00dfen.<\/span><\/p>\n<p class=\"brz-tp-paragraph brz-css-wNwBz\"><span class=\"brz-cp-color6\"> <\/span><\/p>\n<p class=\"brz-tp-paragraph brz-css-lPNe0\"><span class=\"brz-cp-color6\">Wenn Sie sich anmelden, speichern wir einige Cookies, die sich auf Ihre Anmeldeinformationen und Bildschirmdarstellungsoptionen beziehen. Login-Cookies sind 2 Tage lang g\u00fcltig und Cookies f\u00fcr die Bildschirmoptionen sind 1 Jahr lang g\u00fcltig. Wenn Sie \"Remember me\" w\u00e4hlen, wird Ihr Login 2 Wochen lang gespeichert. Sobald Sie sich von Ihrem Konto abmelden, werden die Cookies f\u00fcr die Anmeldung gel\u00f6scht.<\/span><\/p>\n<p class=\"brz-tp-paragraph brz-css-iEaQE\"><span class=\"brz-cp-color6\"> <\/span><\/p>\n<p class=\"brz-tp-paragraph brz-css-lwTd4\"><span class=\"brz-cp-color6\">Wenn Sie einen Beitrag bearbeiten oder ver\u00f6ffentlichen, wird ein zus\u00e4tzliches Cookie von Ihrem Browser gespeichert. Dieser Cookie enth\u00e4lt keine pers\u00f6nlichen Daten, sondern lediglich die Post-ID des von Ihnen bearbeiteten Artikels. Dieses Cookie verf\u00e4llt nach einem Tag.<\/span><\/p>\n<p class=\"brz-tp-paragraph brz-css-fBqGx\"><span class=\"brz-cp-color6\"> <\/span><\/p>\n<p class=\"brz-tp-paragraph brz-css-oXZTj\"><span class=\"brz-cp-color6\">Die Nachrichten auf dieser Website k\u00f6nnen eingebettete Inhalte (z. B. Videos, Bilder, Nachrichten usw.) enthalten. Eingebettete Inhalte anderer Websites verhalten sich genau so, als ob der Besucher diese andere Website besucht h\u00e4tte.<\/span><\/p>\n<p class=\"brz-tp-paragraph brz-css-zVZCS\"><span class=\"brz-cp-color6\"> <\/span><\/p>\n<p class=\"brz-tp-paragraph brz-css-e3Nie\"><span class=\"brz-cp-color6\"> Diese Websites k\u00f6nnen Informationen \u00fcber Sie sammeln, Cookies verwenden, zus\u00e4tzliche Trackingfunktionen von Dritten einbetten und Ihre Interaktion mit solchen eingebetteten Inhalten \u00fcberwachen, einschlie\u00dflich der Aufzeichnung Ihrer Interaktion mit eingebetteten Inhalten, wenn Sie ein Konto haben und auf dieser Website angemeldet sind.<\/span><\/p>\n<p class=\"brz-tp-paragraph brz-css-bOk5V\"><span class=\"brz-cp-color6\"> <\/span><\/p>\n<p class=\"brz-tp-paragraph brz-css-rqizY\"><span class=\"brz-cp-color6\"> Wenn Sie ein neues Passwort anfordern, wird Ihre IP-Adresse in der E-Mail mit dem neuen Passwort angegeben.<\/span><\/p>\n<p class=\"brz-tp-paragraph brz-css-bkXUo\"><span class=\"brz-cp-color6\"> <\/span><\/p>\n<p class=\"brz-tp-paragraph brz-css-fCBaK\"><span class=\"brz-cp-color6\">Wenn Sie einen Kommentar hinterlassen, werden dieser Kommentar und seine Metadaten f\u00fcr immer gespeichert. Auf diese Weise k\u00f6nnen wir Folgekommentare automatisch erkennen und genehmigen, ohne sie moderieren zu m\u00fcssen.<\/span><\/p>\n<p class=\"brz-tp-paragraph brz-css-zpBas\"><span class=\"brz-cp-color6\"> <\/span><\/p>\n<p class=\"brz-tp-paragraph brz-css-hXZH9\"><span class=\"brz-cp-color6\">Bei Nutzern, die sich auf unserer Website registrieren (falls vorhanden), speichern wir auch die pers\u00f6nlichen Daten, die sie in ihrem Nutzerprofil angeben. Alle Nutzer k\u00f6nnen ihre pers\u00f6nlichen Daten jederzeit einsehen, bearbeiten oder l\u00f6schen (au\u00dfer dass sie ihren Nutzernamen nicht \u00e4ndern k\u00f6nnen). Auch Website-Administratoren k\u00f6nnen diese Informationen einsehen und bearbeiten.<\/span><\/p>\n<p class=\"brz-tp-paragraph brz-css-yblBs\"><span class=\"brz-cp-color6\"> <\/span><\/p>\n<p class=\"brz-tp-paragraph brz-css-cZp5u\"><span class=\"brz-cp-color6\">  Wenn Sie ein Konto auf dieser Website haben oder Kommentare hinterlassen haben, k\u00f6nnen Sie eine Exportdatei aller personenbezogenen Daten anfordern, die wir \u00fcber Sie gespeichert haben, einschlie\u00dflich aller Daten, die Sie uns gegeben haben. Sie k\u00f6nnen auch verlangen, dass wir die \u00fcber Sie gespeicherten personenbezogenen Daten l\u00f6schen. Davon ausgenommen sind Daten, die wir aus verwaltungstechnischen, rechtlichen oder sicherheitsrelevanten Gr\u00fcnden aufbewahren m\u00fcssen.<\/span><\/p>\n<p class=\"brz-tp-paragraph brz-css-zFtk4\"><span class=\"brz-cp-color6\"> <\/span><\/p>\n<p class=\"brz-tp-paragraph brz-css-vG5AT\"><span class=\"brz-cp-color6\">Es ist m\u00f6glich, dass die Antworten der Besucher durch einen automatischen Spam-Erkennungsdienst \u00fcberpr\u00fcft werden. <\/span><\/p>\n<\/div>\n<\/div>\n<\/div>\n<\/div>\n<\/div>\n<\/section>\n<\/div>\n<p>    <!-- version:1722530156 --><\/p>","protected":false},"excerpt":{"rendered":"<p>Datenschutzerkl\u00e4rung Unsere Website-Adresse lautet: https:\/\/www.rokenderegahs.nl. Wenn Besucher Kommentare auf der Website hinterlassen, erfassen wir die im Kommentarformular angezeigten Daten, die IP-Adresse des Besuchers und den User-Agent des Browsers, um Spam zu erkennen. Eine anonymisierte Zeichenkette, die aus Ihrer E-Mail-Adresse erstellt wird (auch Hash genannt), kann gesendet werden [...]<\/p>","protected":false},"author":1,"featured_media":0,"parent":0,"menu_order":0,"comment_status":"closed","ping_status":"closed","template":"brizy-blank-template.php","meta":{"footnotes":""},"class_list":["post-14397","page","type-page","status-publish","hentry"],"blocksy_meta":{"styles_descriptor":{"styles":{"desktop":"","tablet":"","mobile":""},"google_fonts":[],"version":6}},"brizy_media":[{"id":7992,"url":"https:\/\/www.rokenderegahs.nl\/wp-content\/uploads\/2020\/10\/1920.hout_.background.jpeg","name":"1920.hout_.background.jpeg","meta":{"brizy_attachment_uid":"wp-6db9b94887c26aa825b514f46159ff29.jpeg","brizy_post_uid":["581ddd8bdda750350d1adef94442a29d","942bf8a2ce85225057b84c265e0fae07","d022f464ad7a7a7cc791f2355eaef1ee","e27880553338cbf29c2c3a74541731bc","3d4569230e8f259343149acb814fba8d","6136cc53b50215a088e8c44d57fc8c42","7adb751b695839df65e1a794b4702616","8fbdf83f129538c972e8408ef637355e","0682028149e89237213c65512d4a6a11","f4fa951c28cfb690505d04c94718e45b","cf2dd933a76b66055c48e17e27710137","18bcbe368f8ef8b3686c3f20dd813f4e","b4eaf9c4279ee57ff32a32fe0e76f939","4ce678b511fa35adf9df7d2f0ebac412","e8c2247835f08267061deaeb22d42d82","4fed2ccec0fef4871a5ad08f539222cb"]}}],"_links":{"self":[{"href":"https:\/\/www.rokenderegahs.nl\/de\/wp-json\/wp\/v2\/pages\/14397","targetHints":{"allow":["GET"]}}],"collection":[{"href":"https:\/\/www.rokenderegahs.nl\/de\/wp-json\/wp\/v2\/pages"}],"about":[{"href":"https:\/\/www.rokenderegahs.nl\/de\/wp-json\/wp\/v2\/types\/page"}],"author":[{"embeddable":true,"href":"https:\/\/www.rokenderegahs.nl\/de\/wp-json\/wp\/v2\/users\/1"}],"replies":[{"embeddable":true,"href":"https:\/\/www.rokenderegahs.nl\/de\/wp-json\/wp\/v2\/comments?post=14397"}],"version-history":[{"count":0,"href":"https:\/\/www.rokenderegahs.nl\/de\/wp-json\/wp\/v2\/pages\/14397\/revisions"}],"wp:attachment":[{"href":"https:\/\/www.rokenderegahs.nl\/de\/wp-json\/wp\/v2\/media?parent=14397"}],"curies":[{"name":"wp","href":"https:\/\/api.w.org\/{rel}","templated":true}]}}