{"id":18388,"date":"2022-10-24T20:34:52","date_gmt":"2022-10-24T18:34:52","guid":{"rendered":"https:\/\/www.rokenderegahs.nl\/?post_type=product&#038;p=18388"},"modified":"2023-05-04T22:33:34","modified_gmt":"2023-05-04T20:33:34","slug":"shake-your-sack-shirt","status":"publish","type":"product","link":"https:\/\/www.rokenderegahs.nl\/de\/produkt\/shake-your-sack-shirt\/","title":{"rendered":"Shake Your Sack Shirt"},"content":{"rendered":"<p>Der beste Rat, den wir f\u00fcr unsere Grillkr\u00e4uter geben k\u00f6nnen, ist, den Beutel vor dem Gebrauch immer zu sch\u00fctteln. Das wird n\u00e4mlich manchmal immer noch vergessen. Also haben wir es auf ein T-Shirt gedruckt. Auf Englisch. Nur weil wir es k\u00f6nnen, und f\u00fcr manche ist es ziemlich lustig. Trotzdem sch\u00f6n.<\/p>","protected":false},"excerpt":{"rendered":"<p>Der beste Rat, den wir f\u00fcr unsere Grillkr\u00e4uter geben k\u00f6nnen, ist, den Beutel vor dem Gebrauch immer zu sch\u00fctteln. Das wird n\u00e4mlich manchmal immer noch vergessen. Also haben wir es auf ein T-Shirt gedruckt. Auf Englisch. Nur weil wir es k\u00f6nnen, und f\u00fcr manche ist es ziemlich lustig. Trotzdem sch\u00f6n.<\/p>","protected":false},"featured_media":18395,"template":"","meta":[],"product_brand":[],"product_cat":[282,56],"product_tag":[284,283],"class_list":{"0":"post-18388","1":"product","2":"type-product","3":"status-publish","4":"has-post-thumbnail","6":"product_cat-t-shirts","7":"product_cat-vergeet-me-niet","8":"product_tag-always-shake-your-sack","9":"product_tag-t-shirt","11":"first","12":"instock","13":"taxable","14":"shipping-taxable","15":"purchasable","16":"product-type-variable"},"brizy_media":[],"_links":{"self":[{"href":"https:\/\/www.rokenderegahs.nl\/de\/wp-json\/wp\/v2\/product\/18388","targetHints":{"allow":["GET"]}}],"collection":[{"href":"https:\/\/www.rokenderegahs.nl\/de\/wp-json\/wp\/v2\/product"}],"about":[{"href":"https:\/\/www.rokenderegahs.nl\/de\/wp-json\/wp\/v2\/types\/product"}],"wp:featuredmedia":[{"embeddable":true,"href":"https:\/\/www.rokenderegahs.nl\/de\/wp-json\/wp\/v2\/media\/18395"}],"wp:attachment":[{"href":"https:\/\/www.rokenderegahs.nl\/de\/wp-json\/wp\/v2\/media?parent=18388"}],"wp:term":[{"taxonomy":"product_brand","embeddable":true,"href":"https:\/\/www.rokenderegahs.nl\/de\/wp-json\/wp\/v2\/product_brand?post=18388"},{"taxonomy":"product_cat","embeddable":true,"href":"https:\/\/www.rokenderegahs.nl\/de\/wp-json\/wp\/v2\/product_cat?post=18388"},{"taxonomy":"product_tag","embeddable":true,"href":"https:\/\/www.rokenderegahs.nl\/de\/wp-json\/wp\/v2\/product_tag?post=18388"}],"curies":[{"name":"wp","href":"https:\/\/api.w.org\/{rel}","templated":true}]}}