{"id":3764,"date":"2020-06-29T21:59:56","date_gmt":"2020-06-29T19:59:56","guid":{"rendered":"https:\/\/www.rokenderegahs.nl\/?post_type=product&#038;p=3764"},"modified":"2025-09-09T12:47:53","modified_gmt":"2025-09-09T10:47:53","slug":"bier-en-barbecue","status":"publish","type":"product","link":"https:\/\/www.rokenderegahs.nl\/de\/produkt\/bier-en-barbecue\/","title":{"rendered":"Bier und Barbecue"},"content":{"rendered":"<div class=\"brz-root__container brz-reset-all brz\">\n<section id=\"addehbjeyplvijuppslmcnksvlbuumdczjsz\" class=\"brz-section brz-css-fE8AB\">\n<div class=\"brz-section__content brz-section--boxed brz-css-wG604 brz-css-yUYoO\" data-brz-custom-id=\"evbqbmjoialjrpgfcucxqggrqjbbjhchclmo\">\n<div class=\"brz-bg\">\n<div class=\"brz-bg-image\"><\/div>\n<div class=\"brz-bg-color\"><\/div>\n<\/div>\n<div class=\"brz-container brz-css-tIe5U\">\n<div class=\"brz-row__container brz-css-jcIeE brz-css-c8CaN\" data-brz-custom-id=\"iibgrqtclmigeyoygelxkhymfxfeeiihgugr\">\n<div class=\"brz-bg\"><\/div>\n<div class=\"brz-row brz-css-cGkAU brz-css-s_iqZ\">\n<div class=\"brz-columns brz-css-wuyLQ brz-css-umeu9\" data-brz-custom-id=\"izxaycsvinkvlossalhmcdcufpuckvdpuwte\">\n<div class=\"brz-bg\"><\/div>\n<div class=\"brz-column__items brz-css-q_lS0 brz-css-ayeza\">\n<div id=\"\" class=\"brz-css-m5zUM brz-css-gRMvx brz-wrapper\">\n<div class=\"brz-rich-text brz-rich-text__custom brz-css-ej4GX\" data-brz-custom-id=\"mdartuxxtwqlrddodrcdcnepfsbrahlhlivo\">\n<div data-brz-translate-text=\"1\">\n<p class=\"brz-tp-abovetitle brz-text-xs-center brz-css-uNYXS\"><span class=\"brz-cp-color6\">Die Enzyklop\u00e4die des Bieres und der Lebensmittel <\/span><span class=\"brz-cp-color6\">#04<\/span><\/p>\n<\/div>\n<\/div>\n<\/div>\n<div id=\"\" class=\"brz-css-m5zUM brz-wrapper\">\n<div class=\"brz-rich-text brz-rich-text__custom brz-css-ej4GX\" data-brz-custom-id=\"oblmqkfplnhpxindkspjjmefgavqpicaamqz\">\n<div data-brz-translate-text=\"1\">\n<h2 class=\"brz-text-xs-center brz-tp-heading2 brz-css-e0NUO\"><span class=\"brz-cp-color8\">Bier und BARBECUE<\/span><\/h2>\n<\/div>\n<\/div>\n<\/div>\n<div id=\"\" class=\"brz-css-m5zUM brz-css-siAEd brz-wrapper\">\n<div class=\"brz-rich-text brz-rich-text__custom brz-css-ej4GX\" data-brz-custom-id=\"zewuzvcejlowposirmqowpcblnxznqpklwkn\">\n<div data-brz-translate-text=\"1\">\n<p class=\"brz-text-lg-left brz-bcp-color6 brz-ff-qeuxjdkuhlmozlgzygiafigqghuhlbcfhpus brz-ft-upload brz-fw-lg-400 brz-fw-sm-im-400 brz-fw-xs-im-400 brz-css-k6h7f\"><span class=\"brz-cp-color6\">Bier und Grillen\" ist das sechste Kochbuch des internationalen Biersommeliers Arvid Bergstr\u00f6m. Dieses neue Buch enth\u00e4lt leckere Grillgerichte mit passenden Bieren. Die Gerichte sind Ideen f\u00fcr die Zubereitung auf und neben dem Grill.<\/span><\/p>\n<p class=\"brz-text-lg-left brz-ff-qeuxjdkuhlmozlgzygiafigqghuhlbcfhpus brz-ft-upload brz-fw-lg-400 brz-fw-sm-im-400 brz-fw-xs-im-400 brz-css-kKMlQ\"><span class=\"brz-cp-color6\"> <\/span><\/p>\n<p class=\"brz-text-lg-left brz-ff-qeuxjdkuhlmozlgzygiafigqghuhlbcfhpus brz-ft-upload brz-fw-lg-400 brz-fw-sm-im-400 brz-fw-xs-im-400 brz-css-idu6t\"><span class=\"brz-cp-color6\">Bei diesem Buch wurde Arvid von Daan Hamoen und Bernd Beersma unterst\u00fctzt. Daan ist Mannschaftskapit\u00e4n bei der <\/span><span class=\"brz-cp-color3\">Rokende R\u00e8g\u00e2hs<\/span><span class=\"brz-cp-color6\"> und Bernd ist ein fanatischer Griller, zus\u00e4tzlich zu seiner anderen gro\u00dfen Leidenschaft, dem Brauen f\u00fcr die Kleine Bierbrauerei.<\/span><\/p>\n<p class=\"brz-text-lg-left brz-ff-qeuxjdkuhlmozlgzygiafigqghuhlbcfhpus brz-ft-upload brz-fw-lg-400 brz-fw-sm-im-400 brz-fw-xs-im-400 brz-css-pV58g\"><span class=\"brz-cp-color6\"> <\/span><\/p>\n<p class=\"brz-text-lg-left brz-bcp-color6 brz-ff-qeuxjdkuhlmozlgzygiafigqghuhlbcfhpus brz-ft-upload brz-fw-lg-400 brz-fw-sm-im-400 brz-fw-xs-im-400 brz-css-eJmwm\"><span class=\"brz-cp-color6\">Dieses Kochbuch enth\u00e4lt k\u00f6stliche Gerichte, die man zusammen mit verschiedenen Bieren probieren kann. Dar\u00fcber hinaus gibt es viele Tipps f\u00fcr andere Biere. Mit einer kleinen Abwandlung k\u00f6nnen Sie ein zweites Bier zu dem Gericht servieren. Es gibt aber auch Variationen von Rezepten, bei denen ein anderer Bierstil als Anregung dient. Auf diese Weise k\u00f6nnen Sie mehrere Gerichte mit einem anderen Bier genie\u00dfen.<\/span><\/p>\n<p class=\"brz-text-lg-left brz-ff-qeuxjdkuhlmozlgzygiafigqghuhlbcfhpus brz-ft-upload brz-fw-lg-400 brz-fw-sm-im-400 brz-fw-xs-im-400 brz-css-o2xQN\"><span class=\"brz-cp-color6\"> <\/span><\/p>\n<p class=\"brz-text-lg-left brz-ff-qeuxjdkuhlmozlgzygiafigqghuhlbcfhpus brz-ft-upload brz-fw-lg-400 brz-fw-sm-im-400 brz-fw-xs-im-400 brz-css-uVZ1z\"><span class=\"brz-cp-color6\">Und am meisten Spa\u00df und Freude macht es vielleicht, sich mit einer Gruppe von Freunden oder der Familie zu treffen und verschiedene Kombinationen zu probieren.<\/span> <\/p>\n<p class=\"brz-text-lg-left brz-mb-xs-10 brz-mt-xs-10 brz-text-xs-center brz-tp-paragraph brz-mt-lg-20 brz-mb-lg-20 brz-ff-qeuxjdkuhlmozlgzygiafigqghuhlbcfhpus brz-ft-upload brz-fw-lg-400 brz-fw-sm-im-400 brz-fw-xs-im-400 brz-css-uhdxu\"><span class=\"brz-cp-color6\">Prost, rauchen Sie sie und genie\u00dfen Sie Ihr Essen!<\/span><\/p>\n<\/div>\n<\/div>\n<\/div>\n<div id=\"\" class=\"brz-css-m5zUM brz-wrapper\">\n<div class=\"brz-rich-text brz-rich-text__custom brz-css-ej4GX\" data-brz-custom-id=\"aqbaemqhlqbxwspwgxmiwefmgatbplwcivjw\">\n<div data-brz-translate-text=\"1\">\n<p class=\"brz-bcp-color8 brz-tp-heading1 brz-text-lg-justify brz-text-xs-center brz-css-hAZKX\"><span class=\"brz-cp-color8\">\u20ac 15,50<\/span><\/p>\n<\/div>\n<\/div>\n<\/div>\n<div class=\"brz-wrapper-clone brz-css-vUpUJ\">\n<div class=\"brz-d-xs-flex brz-flex-xs-wrap brz-css-o2jKR brz-css-tHZ0M\" data-brz-custom-id=\"\">\n<div class=\"brz-wrapper-clone__item\" id=\"brwmwkxsjfxblpyauikplzkmobwhfmzpsrgg\"><a class=\"brz-a brz-btn brz-css-kzFyP brz-css-quB5w\" href=\"https:\/\/www.rokenderegahs.nl\/de\/produkt\/bier-en-barbecue\/?add-to-cart=3764\" target=\"_self\" rel=\"noopener\" data-brz-link-type=\"external\" data-brz-custom-id=\"brwmwkxsjfxblpyauikplzkmobwhfmzpsrgg\"><span data-brz-translate-text=\"1\" class=\"brz-span brz-text__editor\">In Ihrem Warenkorb<\/span><\/a><\/div>\n<\/div>\n<\/div>\n<\/div>\n<\/div>\n<div class=\"brz-columns brz-css-wuyLQ brz-css-zRiV1\" data-brz-custom-id=\"gyyrmexvufeqpvchownydmsymuwfyauwaozc\">\n<div class=\"brz-bg\"><\/div>\n<div class=\"brz-column__items brz-css-q_lS0 brz-css-mbiuY\">\n<div id=\"\" class=\"brz-css-m5zUM brz-wrapper\">\n<div class=\"brz-image brz-css-uboyv\" data-brz-custom-id=\"vdrxwowkmedsvopxprzvcoejkjbpbkmhhzql\"><img decoding=\"async\" class=\"brz-img\" src=\"https:\/\/www.rokenderegahs.nl\/wp-content\/uploads\/brizy\/imgs\/1920.bier-en-barbecue-602x869x0x0x602x869x1598558865.jpg\" alt=\"\" loading=\"lazy\"><\/div>\n<\/div>\n<\/div>\n<\/div>\n<\/div>\n<\/div>\n<\/div>\n<\/div>\n<\/section>\n<\/div>\n<p>    <!-- version:1722521499 --><\/p>","protected":false},"excerpt":{"rendered":"<p>The Beer and Food Encyclopedia #04 BEER AND BARBECUE \"Beer and Barbecue\" ist das sechste Kochbuch des internationalen Biersommeliers Arvid Bergstr\u00f6m. In diesem neuen Buch werden k\u00f6stliche Grillgerichte mit passenden Bieren vorgestellt. Die Gerichte sind Ideen f\u00fcr die Zubereitung auf und neben dem Grill. F\u00fcr dieses Buch wurde Arvid von Daan Hamoen und Bernd Beersma unterst\u00fctzt. Daan ist [...]<\/p>","protected":false},"featured_media":15038,"template":"brizy-blank-template.php","meta":[],"product_brand":[],"product_cat":[34,56],"product_tag":[35],"class_list":{"0":"post-3764","1":"product","2":"type-product","3":"status-publish","4":"has-post-thumbnail","6":"product_cat-boeken","7":"product_cat-vergeet-me-niet","8":"product_tag-bier-en-barbecue","10":"first","11":"instock","12":"taxable","13":"shipping-taxable","14":"purchasable","15":"product-type-simple"},"brizy_media":[{"id":5069,"url":"https:\/\/www.rokenderegahs.nl\/wp-content\/uploads\/2020\/08\/1920.bier-en-barbecue.jpg","name":"1920.bier-en-barbecue.jpg","meta":{"brizy_attachment_uid":"wp-bfafc05d17d9e66ecc943bd474b6edd6.jpg","brizy_post_uid":["cf2dd933a76b66055c48e17e27710137","581ddd8bdda750350d1adef94442a29d"]}},{"id":7992,"url":"https:\/\/www.rokenderegahs.nl\/wp-content\/uploads\/2020\/10\/1920.hout_.background.jpeg","name":"1920.hout_.background.jpeg","meta":{"brizy_attachment_uid":"wp-6db9b94887c26aa825b514f46159ff29.jpeg","brizy_post_uid":["581ddd8bdda750350d1adef94442a29d","942bf8a2ce85225057b84c265e0fae07","d022f464ad7a7a7cc791f2355eaef1ee","e27880553338cbf29c2c3a74541731bc","3d4569230e8f259343149acb814fba8d","6136cc53b50215a088e8c44d57fc8c42","7adb751b695839df65e1a794b4702616","8fbdf83f129538c972e8408ef637355e","0682028149e89237213c65512d4a6a11","f4fa951c28cfb690505d04c94718e45b","cf2dd933a76b66055c48e17e27710137","18bcbe368f8ef8b3686c3f20dd813f4e","b4eaf9c4279ee57ff32a32fe0e76f939","4ce678b511fa35adf9df7d2f0ebac412","e8c2247835f08267061deaeb22d42d82","4fed2ccec0fef4871a5ad08f539222cb"]}}],"_links":{"self":[{"href":"https:\/\/www.rokenderegahs.nl\/de\/wp-json\/wp\/v2\/product\/3764","targetHints":{"allow":["GET"]}}],"collection":[{"href":"https:\/\/www.rokenderegahs.nl\/de\/wp-json\/wp\/v2\/product"}],"about":[{"href":"https:\/\/www.rokenderegahs.nl\/de\/wp-json\/wp\/v2\/types\/product"}],"wp:featuredmedia":[{"embeddable":true,"href":"https:\/\/www.rokenderegahs.nl\/de\/wp-json\/wp\/v2\/media\/15038"}],"wp:attachment":[{"href":"https:\/\/www.rokenderegahs.nl\/de\/wp-json\/wp\/v2\/media?parent=3764"}],"wp:term":[{"taxonomy":"product_brand","embeddable":true,"href":"https:\/\/www.rokenderegahs.nl\/de\/wp-json\/wp\/v2\/product_brand?post=3764"},{"taxonomy":"product_cat","embeddable":true,"href":"https:\/\/www.rokenderegahs.nl\/de\/wp-json\/wp\/v2\/product_cat?post=3764"},{"taxonomy":"product_tag","embeddable":true,"href":"https:\/\/www.rokenderegahs.nl\/de\/wp-json\/wp\/v2\/product_tag?post=3764"}],"curies":[{"name":"wp","href":"https:\/\/api.w.org\/{rel}","templated":true}]}}