{"id":3806,"date":"2020-07-27T21:58:24","date_gmt":"2020-07-27T19:58:24","guid":{"rendered":"https:\/\/www.rokenderegahs.nl\/?post_type=product&#038;p=3806"},"modified":"2023-04-23T19:01:08","modified_gmt":"2023-04-23T17:01:08","slug":"smokin-hot-chicks","status":"publish","type":"product","link":"https:\/\/www.rokenderegahs.nl\/de\/produkt\/smokin-hot-chicks\/","title":{"rendered":"Smokin' Hot Chicks"},"content":{"rendered":"<p>Smokin' Hot Chicks macht jede BBQ-Party perfekt! Es ist die perfekte Gew\u00fcrzmischung f\u00fcr alles, was Fl\u00fcgel hat, wie Huhn, Truthahn, Wachtel, Strau\u00df, Perlhuhn, Ente, Gans und Fasan. Wenn wir Pfau essen w\u00fcrden, w\u00fcrden ihm die Federn aus dem Hintern ragen, wenn man ihn mit diesem neuen BBQ-Rub bestreicht. Nachdem wir vierzehn Tage lang jeden Tag H\u00e4hnchen gegessen hatten, begannen zu Hause die Proteste. Schlie\u00dflich mussten wir weiter testen. Also haben wir beschlossen, es mit Spareribs zu probieren, und siehe da! Dieser Rub passt auch hervorragend zu Spareribs! Insgeheim handelt es sich vielleicht eher um eine All-in-One-W\u00fcrzmischung als um eine reine H\u00e4hnchengew\u00fcrzmischung, aber ja, der Name stand schon auf dem Etikett.<\/p>\r\n<p>\"Das ist deine Chance, Hot Chicks auf deinem Grill zu haben!\"<\/p>","protected":false},"excerpt":{"rendered":"<p>Smokin' Hot Chicks: das ultimative BBQ-Gew\u00fcrz f\u00fcr alles, was Fl\u00fcgel hat, von Huhn bis Truthahn, Fasan bis Ente. Auch perfekt f\u00fcr Spareribs. Ein vielseitiges Rub, das Ihr BBQ-Festmahl vervollst\u00e4ndigt.\u00a0<\/p>","protected":false},"featured_media":5203,"template":"","meta":[],"product_brand":[],"product_cat":[29,56],"product_tag":[55,105],"class_list":{"0":"post-3806","1":"product","2":"type-product","3":"status-publish","4":"has-post-thumbnail","6":"product_cat-regahrub","7":"product_cat-vergeet-me-niet","8":"product_tag-regah-rub","9":"product_tag-smokin-hot-chicks","11":"first","12":"instock","13":"taxable","14":"shipping-taxable","15":"purchasable","16":"product-type-variable"},"brizy_media":[],"_links":{"self":[{"href":"https:\/\/www.rokenderegahs.nl\/de\/wp-json\/wp\/v2\/product\/3806","targetHints":{"allow":["GET"]}}],"collection":[{"href":"https:\/\/www.rokenderegahs.nl\/de\/wp-json\/wp\/v2\/product"}],"about":[{"href":"https:\/\/www.rokenderegahs.nl\/de\/wp-json\/wp\/v2\/types\/product"}],"wp:featuredmedia":[{"embeddable":true,"href":"https:\/\/www.rokenderegahs.nl\/de\/wp-json\/wp\/v2\/media\/5203"}],"wp:attachment":[{"href":"https:\/\/www.rokenderegahs.nl\/de\/wp-json\/wp\/v2\/media?parent=3806"}],"wp:term":[{"taxonomy":"product_brand","embeddable":true,"href":"https:\/\/www.rokenderegahs.nl\/de\/wp-json\/wp\/v2\/product_brand?post=3806"},{"taxonomy":"product_cat","embeddable":true,"href":"https:\/\/www.rokenderegahs.nl\/de\/wp-json\/wp\/v2\/product_cat?post=3806"},{"taxonomy":"product_tag","embeddable":true,"href":"https:\/\/www.rokenderegahs.nl\/de\/wp-json\/wp\/v2\/product_tag?post=3806"}],"curies":[{"name":"wp","href":"https:\/\/api.w.org\/{rel}","templated":true}]}}