{"id":646,"date":"2019-12-11T22:48:16","date_gmt":"2019-12-11T21:48:16","guid":{"rendered":"https:\/\/www.rokenderegahs.nl\/?post_type=product&#038;p=646"},"modified":"2025-04-26T00:08:50","modified_gmt":"2025-04-25T22:08:50","slug":"bad-buffalo-gunpowder","status":"publish","type":"product","link":"https:\/\/www.rokenderegahs.nl\/de\/produkt\/bad-buffalo-gunpowder\/","title":{"rendered":"Bad Buffalo Gunpowder"},"content":{"rendered":"<p>Bad Buffalo Gunpowder ist ein klassischer BBQ Rub, der urspr\u00fcnglich f\u00fcr Rindfleisch und insbesondere f\u00fcr Brisket entwickelt wurde. Mit diesem Beef Rub haben die Smoking R\u00e8g\u00e2hs bereits mehrere erste Pl\u00e4tze bei Wettbewerben gewonnen. Aber dieser Rub ist nicht nur f\u00fcr Brisket geeignet, er ist eine sehr vielseitige W\u00fcrzmischung, die auf fast allem schmeckt.<\/p>\n<p>Egal, ob Sie es f\u00fcr H\u00e4hnchenfl\u00fcgel, Popcorn oder als Zusatz zum Hackfleisch f\u00fcr m\u00f6rderisch gute Buffalo-Burger verwenden, dieses Rub macht jedes Gericht schmackhafter. Auch wenn du keine Lust hast, auszugehen, kannst du es ganz einfach f\u00fcr H\u00e4hnchenfl\u00fcgel im Ofen oder in der Fritteuse verwenden.<\/p>\n<p>Der Rub ist nicht nur zum Grillen, sondern auch zum Kochen geeignet. Es ist eine schmackhafte Alternative zu Salz und Pfeffer auf einem Steak oder Ribeye. Es ist eine Gew\u00fcrzmischung, die in jeden K\u00fcchenschrank geh\u00f6rt und jedem Gericht einen k\u00f6stlichen Geschmack verleiht.<\/p>\n<p>\"Eine Geschmacksexplosion mit Bad Buffalo Gunpowder\"<\/p>","protected":false},"excerpt":{"rendered":"<p>Bad Buffalo Gunpowder: klassischer BBQ Rub f\u00fcr Rindfleisch und Brisket. Vielseitig und preisgekr\u00f6nt. Macht jedes Gericht schmackhafter, von H\u00e4hnchenfl\u00fcgeln bis zu Hackfleisch. Ideal auch zum Kochen als Alternative zu Salz und Pfeffer. Eine k\u00f6stliche Geschmacksexplosion!<\/p>","protected":false},"featured_media":5206,"template":"","meta":[],"product_brand":[],"product_cat":[29],"product_tag":[103,294,293,292,290,291,55,30],"class_list":{"0":"post-646","1":"product","2":"type-product","3":"status-publish","4":"has-post-thumbnail","6":"product_cat-regahrub","7":"product_tag-bad-buffalo-gunpowder","8":"product_tag-barbecue","9":"product_tag-bbq","10":"product_tag-bbq-kruiden","11":"product_tag-bbq-rub","12":"product_tag-kruidenmix","13":"product_tag-regah-rub","14":"product_tag-regahrub","16":"first","17":"instock","18":"taxable","19":"shipping-taxable","20":"purchasable","21":"product-type-variable"},"brizy_media":[],"_links":{"self":[{"href":"https:\/\/www.rokenderegahs.nl\/de\/wp-json\/wp\/v2\/product\/646","targetHints":{"allow":["GET"]}}],"collection":[{"href":"https:\/\/www.rokenderegahs.nl\/de\/wp-json\/wp\/v2\/product"}],"about":[{"href":"https:\/\/www.rokenderegahs.nl\/de\/wp-json\/wp\/v2\/types\/product"}],"wp:featuredmedia":[{"embeddable":true,"href":"https:\/\/www.rokenderegahs.nl\/de\/wp-json\/wp\/v2\/media\/5206"}],"wp:attachment":[{"href":"https:\/\/www.rokenderegahs.nl\/de\/wp-json\/wp\/v2\/media?parent=646"}],"wp:term":[{"taxonomy":"product_brand","embeddable":true,"href":"https:\/\/www.rokenderegahs.nl\/de\/wp-json\/wp\/v2\/product_brand?post=646"},{"taxonomy":"product_cat","embeddable":true,"href":"https:\/\/www.rokenderegahs.nl\/de\/wp-json\/wp\/v2\/product_cat?post=646"},{"taxonomy":"product_tag","embeddable":true,"href":"https:\/\/www.rokenderegahs.nl\/de\/wp-json\/wp\/v2\/product_tag?post=646"}],"curies":[{"name":"wp","href":"https:\/\/api.w.org\/{rel}","templated":true}]}}