{"id":650,"date":"2019-12-11T22:56:23","date_gmt":"2019-12-11T21:56:23","guid":{"rendered":"https:\/\/www.rokenderegahs.nl\/?post_type=product&#038;p=650"},"modified":"2023-04-23T18:41:01","modified_gmt":"2023-04-23T16:41:01","slug":"oltimers-dirty-hogs","status":"publish","type":"product","link":"https:\/\/www.rokenderegahs.nl\/de\/produkt\/oltimers-dirty-hogs\/","title":{"rendered":"Ol'Timers Dirty Hogs"},"content":{"rendered":"<p>Ol'Timers Dirty Hogs ist eine k\u00f6stliche Gew\u00fcrzmischung, die speziell f\u00fcr Schweinefleisch entwickelt wurde. Durch die Verwendung von drei Zuckersorten, Zimt und verschiedenen Gew\u00fcrzen entsteht eine w\u00fcrzige S\u00fc\u00dfe, gefolgt von einem pikanten Kick. \"S\u00fc\u00df mit einem w\u00fcrzigen Kick, genau wie unsere Frauen\", wie wir zu sagen pflegen.<\/p>\n<p>Der Zucker in der Mischung sorgt f\u00fcr eine sch\u00f6ne Kruste und einen k\u00f6stlichen Geruch auf Ihren Spareribs und Pulled Pork, passt aber auch hervorragend zu einem Schweinefilet. Aber dieser BBQ-Rub eignet sich nicht nur f\u00fcr traditionelle BBQ-Gerichte, auch in Frikadellen, in Kombination mit verschiedenen Wildsorten oder durch einen Eintopf kommt diese Gew\u00fcrzmischung zur Geltung.<\/p>\n<p>Diese Gew\u00fcrzmischung ist also viel mehr als nur ein Rub zum Grillen! Ob Sie nun Lust auf ein k\u00f6stliches St\u00fcck Schweinefleisch vom Grill oder einen leckeren Eintopf auf dem Herd haben, diese Mischung sorgt immer f\u00fcr das gewisse Extra. Mit diesem R\u00e8g\u00e2hrub wird Ihr Gericht nie wieder langweilig und geschmacklos sein, sondern w\u00fcrzig und voller Geschmack.<\/p>\n<p>\"Gib deinem Schweinchen einen Kick mit Ol'Timers Dirty Hogs\"<\/p>","protected":false},"excerpt":{"rendered":"<p>Ol'Timers Dirty Hogs: K\u00f6stliche Gew\u00fcrzmischung f\u00fcr Schweinefleisch. S\u00fc\u00df mit einem w\u00fcrzigen Kick. Perfekt f\u00fcr Spareribs, Pulled Pork und mehr. Auch f\u00fcr Fleischb\u00e4llchen, Wild und Eint\u00f6pfe geeignet. Sorgt immer f\u00fcr zus\u00e4tzlichen Geschmack. \"Geben Sie Ihrem Schweinefleisch einen Kick!<\/p>","protected":false},"featured_media":5209,"template":"","meta":[],"product_brand":[],"product_cat":[29],"product_tag":[294,293,292,290,291,104,55,30],"class_list":{"0":"post-650","1":"product","2":"type-product","3":"status-publish","4":"has-post-thumbnail","6":"product_cat-regahrub","7":"product_tag-barbecue","8":"product_tag-bbq","9":"product_tag-bbq-kruiden","10":"product_tag-bbq-rub","11":"product_tag-kruidenmix","12":"product_tag-oltimers-dirty-hogs","13":"product_tag-regah-rub","14":"product_tag-regahrub","16":"first","17":"instock","18":"taxable","19":"shipping-taxable","20":"purchasable","21":"product-type-variable"},"brizy_media":[],"_links":{"self":[{"href":"https:\/\/www.rokenderegahs.nl\/de\/wp-json\/wp\/v2\/product\/650","targetHints":{"allow":["GET"]}}],"collection":[{"href":"https:\/\/www.rokenderegahs.nl\/de\/wp-json\/wp\/v2\/product"}],"about":[{"href":"https:\/\/www.rokenderegahs.nl\/de\/wp-json\/wp\/v2\/types\/product"}],"wp:featuredmedia":[{"embeddable":true,"href":"https:\/\/www.rokenderegahs.nl\/de\/wp-json\/wp\/v2\/media\/5209"}],"wp:attachment":[{"href":"https:\/\/www.rokenderegahs.nl\/de\/wp-json\/wp\/v2\/media?parent=650"}],"wp:term":[{"taxonomy":"product_brand","embeddable":true,"href":"https:\/\/www.rokenderegahs.nl\/de\/wp-json\/wp\/v2\/product_brand?post=650"},{"taxonomy":"product_cat","embeddable":true,"href":"https:\/\/www.rokenderegahs.nl\/de\/wp-json\/wp\/v2\/product_cat?post=650"},{"taxonomy":"product_tag","embeddable":true,"href":"https:\/\/www.rokenderegahs.nl\/de\/wp-json\/wp\/v2\/product_tag?post=650"}],"curies":[{"name":"wp","href":"https:\/\/api.w.org\/{rel}","templated":true}]}}