{"id":9312,"date":"2020-11-03T17:53:06","date_gmt":"2020-11-03T16:53:06","guid":{"rendered":"https:\/\/www.rokenderegahs.nl\/?post_type=product&#038;p=9312"},"modified":"2023-04-23T18:42:23","modified_gmt":"2023-04-23T16:42:23","slug":"bad-hot-dirty-box","status":"publish","type":"product","link":"https:\/\/www.rokenderegahs.nl\/de\/produkt\/bad-hot-dirty-box\/","title":{"rendered":"Bad, Hot &amp; Dirty Box"},"content":{"rendered":"<p style=\"font-weight: 400;\">Die Wahl ist immer schwierig. Welchen R\u00e8g\u00e2hrub soll man w\u00e4hlen oder was ist das perfekte Geschenk? Mit unserer Bad, Hot &amp; Dirty Box m\u00fcssen Sie sich nicht mehr entscheiden. Denn Sie erhalten alle Geschmacksrichtungen in einer sch\u00f6nen Box. Mit diesem Geschenk werden Sie sofort zum idealen Schwiegersohn, besten Freund oder s\u00fc\u00dfesten Partner. Wir haben es Ihnen leicht gemacht.<\/p>\n<p style=\"font-weight: 400;\">Unser Geschenkset enth\u00e4lt gerade genug, um s\u00fcchtig nach unseren k\u00f6stlichen Rubs zu werden. Mach den leckersten Burger mit Bad Buffalo Gunpowder, r\u00e4uchere die besten Spareribs mit dem Ol'Timer Dirty Hogs und punkte mit den saftigsten Smokin' Hot Chicken Wings.<\/p>\n<p style=\"font-weight: 400;\">Mit unserem BBQ-Gew\u00fcrz wird leckeres BBQ einfach gemacht.<\/p>\n<p style=\"font-weight: 400;\">\"Das ist das perfekte Geschenk f\u00fcr jeden BBQ-Liebhaber!\"<\/p>\n<p style=\"font-weight: 400;\">","protected":false},"excerpt":{"rendered":"<p>Entdecken Sie das ultimative BBQ-Rub-Erlebnis mit unserer Bad, Hot &amp; Dirty Box! Das perfekte Geschenk f\u00fcr BBQ-Liebhaber. Machen Sie die leckersten Burger, Spareribs und H\u00e4hnchenfl\u00fcgel mit Bad Buffalo Gunpowder, Ol'Timer Dirty Hogs und Smokin' Hot Chicken Wings. Bestellen Sie jetzt und genie\u00dfen Sie einfaches und leckeres BBQ mit unseren k\u00f6stlichen Rubs!<\/p>","protected":false},"featured_media":11099,"template":"","meta":[],"product_brand":[],"product_cat":[29,56],"product_tag":[106,294,293,292,290,55,30],"class_list":{"0":"post-9312","1":"product","2":"type-product","3":"status-publish","4":"has-post-thumbnail","6":"product_cat-regahrub","7":"product_cat-vergeet-me-niet","8":"product_tag-bad-hot-dirty","9":"product_tag-barbecue","10":"product_tag-bbq","11":"product_tag-bbq-kruiden","12":"product_tag-bbq-rub","13":"product_tag-regah-rub","14":"product_tag-regahrub","16":"first","17":"instock","18":"taxable","19":"shipping-taxable","20":"purchasable","21":"product-type-simple"},"brizy_media":[],"_links":{"self":[{"href":"https:\/\/www.rokenderegahs.nl\/de\/wp-json\/wp\/v2\/product\/9312","targetHints":{"allow":["GET"]}}],"collection":[{"href":"https:\/\/www.rokenderegahs.nl\/de\/wp-json\/wp\/v2\/product"}],"about":[{"href":"https:\/\/www.rokenderegahs.nl\/de\/wp-json\/wp\/v2\/types\/product"}],"wp:featuredmedia":[{"embeddable":true,"href":"https:\/\/www.rokenderegahs.nl\/de\/wp-json\/wp\/v2\/media\/11099"}],"wp:attachment":[{"href":"https:\/\/www.rokenderegahs.nl\/de\/wp-json\/wp\/v2\/media?parent=9312"}],"wp:term":[{"taxonomy":"product_brand","embeddable":true,"href":"https:\/\/www.rokenderegahs.nl\/de\/wp-json\/wp\/v2\/product_brand?post=9312"},{"taxonomy":"product_cat","embeddable":true,"href":"https:\/\/www.rokenderegahs.nl\/de\/wp-json\/wp\/v2\/product_cat?post=9312"},{"taxonomy":"product_tag","embeddable":true,"href":"https:\/\/www.rokenderegahs.nl\/de\/wp-json\/wp\/v2\/product_tag?post=9312"}],"curies":[{"name":"wp","href":"https:\/\/api.w.org\/{rel}","templated":true}]}}