{"id":14397,"date":"2021-03-17T21:30:48","date_gmt":"2021-03-17T20:30:48","guid":{"rendered":"https:\/\/www.rokenderegahs.nl\/?page_id=14397"},"modified":"2025-09-09T10:53:22","modified_gmt":"2025-09-09T08:53:22","slug":"privacy","status":"publish","type":"page","link":"https:\/\/www.rokenderegahs.nl\/haags\/privacy\/","title":{"rendered":"Praaivesie"},"content":{"rendered":"<div class=\"brz-root__container brz-reset-all brz\">\n<section id=\"xwzzqehvhsvqsdeesuealcwwspceibhcppoh\" class=\"brz-section brz-css-xSuPr\">\n<div class=\"brz-section__content brz-section--boxed brz-css-s12VR brz-css-txJE9\" data-brz-custom-id=\"peefnmqcdlxtwkkgygrlyihtjgxiibpblbuy\">\n<div class=\"brz-bg\">\n<div class=\"brz-bg-image\"><\/div>\n<div class=\"brz-bg-color\"><\/div>\n<\/div>\n<div class=\"brz-container brz-css-iYw7v\">\n<div id=\"\" class=\"brz-css-wWyQg brz-wrapper\">\n<div class=\"brz-rich-text brz-rich-text__custom brz-css-rSvcQ\" data-brz-custom-id=\"nhbhxnalgpkymclrphcirwhlsfjquqbzskhw\">\n<div data-brz-translate-text=\"1\">\n<p class=\"brz-tp-heading2 brz-css-cVfjI\"><span class=\"brz-cp-color8\">Praaivesie statement <\/span><\/p>\n<\/div>\n<\/div>\n<\/div>\n<div id=\"\" class=\"brz-css-wWyQg brz-wrapper\">\n<div class=\"brz-rich-text brz-rich-text__custom brz-css-rSvcQ\" data-brz-custom-id=\"boccicutenodbtszimtasapxhxwnlgevcafq\">\n<div data-brz-translate-text=\"1\">\n<p class=\"brz-tp-paragraph brz-css-fkXl6\"><span class=\"brz-cp-color6\">Ons site-adres is: https:\/\/www.raukend\u00e2hreigehs.nl.<\/span><\/p>\n<p class=\"brz-tp-paragraph brz-css-g2gXU\"><span class=\"brz-cp-color6\"> <\/span><\/p>\n<p class=\"brz-tp-paragraph brz-css-w0ipE\"><span class=\"brz-cp-color6\">As bezoek\u00e2hs reijaksies acht\u00e2hlate op de site, vezameile we de gegeves getaund innut reijaktiefo\u00e2hmulie\u00e2h, ut IP-adres van de bezoek\u00e2h en de brows\u00e2h us\u00e2h agent om te helpe spam te deitekt\u00e2h\u00fbh.<\/span><\/p>\n<p class=\"brz-tp-paragraph brz-css-uUNZ5\"><span class=\"brz-cp-color6\"> <\/span><\/p>\n<p class=\"brz-tp-paragraph brz-css-u_Z4E\"><span class=\"brz-cp-color6\">Un geanaunimise\u00e2hde string, gemaak op basus vajje e-mailadres (dit wogt auk un hash genoemp) ken wogde gestu\u00e2hd naah de Gravatar service indien je dit gebr\u00f9ik. De praaivesiebel\u00e8dspagina kajje hie\u00e2h vinde: https:\/\/\u00e2htaumattic.kom\/praaivesie\/. Nadat je reijaksie is goedgekeu\u00e2hd, is je profiellufautau publiekelijk zichbaah in de konteks vajje reijaksie.<\/span><\/p>\n<p class=\"brz-tp-paragraph brz-css-ns7eb\"><span class=\"brz-cp-color6\"> <\/span><\/p>\n<p class=\"brz-tp-paragraph brz-css-u0kCg\"><span class=\"brz-cp-color6\">ie un geregistre\u00e2hde gebr\u00f9ik\u00e2h ben en afbeildinge naah de site upload, mot je vo\u00e2hkaume dat je afbeildinge upload met daarin EXIF GPS laukasie gegeves. Bezoek\u00e2hs van de site kenne de afbeildinge van de site d\u00e2hnloade en de laukasiegegeves inzien.<\/span><\/p>\n<p class=\"brz-tp-paragraph brz-css-tv7jq\"><span class=\"brz-cp-color6\"> <\/span><\/p>\n<p class=\"brz-tp-paragraph brz-css-qSOzb\"><span class=\"brz-cp-color6\">Wanne\u00e2h je un reijaksie acht\u00e2hlaat op onze site, kajje angeive of je naam, je \u00e8ge e-mailadres en site innun kaukie opgeslage mauge wogd\u00fbh. Dit doen we vo\u00e2h je gemak zaudat je deize gegeves nie opnieuw hoef in te vulle vo\u00e2h un nieuwe reijaksie. Deize kaukies z\u00e8n un jaah lang geldag. <\/span><\/p>\n<p class=\"brz-tp-paragraph brz-css-f4z7Y\"><span class=\"brz-cp-color6\"> <\/span><\/p>\n<p class=\"brz-tp-paragraph brz-css-yTJH2\"><span class=\"brz-cp-color6\"> Indien je onze inlogpagina bezoek, slaan we un t\u00e8delijke kaukie op om te kontraulere of je brows\u00e2h kaukies aksepte\u00e2ht. Deize kaukie bevat gein pegsaunlijke gegeves en wogt vew\u00e8d\u00e2hd zaudra je je brows\u00e2h sl\u00f9it.<\/span><\/p>\n<p class=\"brz-tp-paragraph brz-css-wNwBz\"><span class=\"brz-cp-color6\"> <\/span><\/p>\n<p class=\"brz-tp-paragraph brz-css-lPNe0\"><span class=\"brz-cp-color6\">Zaudra je inlogt, zulle we enkele kaukies beware in veband met j\u00e2h laugin info\u00e2hmasie en scherremwe\u00e2hgave opsies. Laugin kaukies z\u00e8n 2 dage geldag en kaukies vo\u00e2h scherremwe\u00e2hgave opsies 1 jaah. Asje \u201cHe\u00e2hinn\u00e2h m\u00e8\u201d selekte\u00e2ht, wogt je laugin 2 weike bewaahd. Zaudra je \u00f9itlogt vajj\u00e2h aks\u00e2hnt, wogde laugin kaukies vew\u00e8d\u00e2hd.<\/span><\/p>\n<p class=\"brz-tp-paragraph brz-css-iEaQE\"><span class=\"brz-cp-color6\"> <\/span><\/p>\n<p class=\"brz-tp-paragraph brz-css-lwTd4\"><span class=\"brz-cp-color6\">Wanne\u00e2h je un berich w\u00e8zigt of publice\u00e2ht wogt un anvullende kaukie do\u00e2h je brows\u00e2h opgeslag\u00fbh. Deize kaukie bevat gein pegsaunlijke data en hep enkel ut pos ID vannut agtikel wat je hep bewerrek in ze \u00e8ge. Deize kaukie is na un dag velop\u00fbh.<\/span><\/p>\n<p class=\"brz-tp-paragraph brz-css-fBqGx\"><span class=\"brz-cp-color6\"> <\/span><\/p>\n<p class=\"brz-tp-paragraph brz-css-oXZTj\"><span class=\"brz-cp-color6\">Berichte op deize site kenne ingeslaute (embedded) inh\u00e2h bevatte (b\u00e8vo\u00e2hbeild video\u2019s, afbeildinge, berichte, etc.). Ingeslaute inh\u00e2h van andere sites gedraagt ze \u00e8ge exak hetzellufde alsof de bezoek\u00e2h deize andere site hep bezoch.<\/span><\/p>\n<p class=\"brz-tp-paragraph brz-css-zVZCS\"><span class=\"brz-cp-color6\"> <\/span><\/p>\n<p class=\"brz-tp-paragraph brz-css-e3Nie\"><span class=\"brz-cp-color6\"> Deize sites kenne gegeves auv\u00e2h je vezameile, kaukies gebr\u00f9ike, ekstra tracking van derde pagt\u00e8je insl\u00f9it\u00fbh en je interaksie met deize ingeslaute inh\u00e2h maunitore, inklusief ut vaslegge van de interaksie met ingeslaute inh\u00e2h asje un aks\u00e2hnt hep en ingelogd ben op die site.<\/span><\/p>\n<p class=\"brz-tp-paragraph brz-css-bOk5V\"><span class=\"brz-cp-color6\"> <\/span><\/p>\n<p class=\"brz-tp-paragraph brz-css-rqizY\"><span class=\"brz-cp-color6\"> Asje un wachwo\u00e2hd reiset anvraagt, wogt je IP-adres opgenaume in de reiset e-mail.<\/span><\/p>\n<p class=\"brz-tp-paragraph brz-css-bkXUo\"><span class=\"brz-cp-color6\"> <\/span><\/p>\n<p class=\"brz-tp-paragraph brz-css-fCBaK\"><span class=\"brz-cp-color6\">Wanne\u00e2h je un reijaksie acht\u00e2hlaat dan wogt die reijaksie en de metadata van die reijaksie vo\u00e2h alt\u00e8d bewaahd. Op deize manie\u00e2h kenne we vevollegreijaksies \u00e2htaumaties he\u00e2hkenne en goedkeure in plaats van dat we ze motte mauderer\u00fbh.<\/span><\/p>\n<p class=\"brz-tp-paragraph brz-css-zpBas\"><span class=\"brz-cp-color6\"> <\/span><\/p>\n<p class=\"brz-tp-paragraph brz-css-hXZH9\"><span class=\"brz-cp-color6\">Vo\u00e2h gebr\u00f9ik\u00e2hs die ze \u00e8ge op onze site registrere (indien anwezag), slaan we auk de pegsaunlijke info\u00e2hmasie op die ze verstrekke in hun gebr\u00f9ikersprofiel. Alle gebr\u00f9ik\u00e2hs kenne op ied\u00e2h maument hun pegsaunlijke info\u00e2hmasie bek\u00e8ke, bewerreke of vew\u00e8dere (behalleve dat ze hun gebr\u00f9ikersnaam nie kenne w\u00e8zige). Site behe\u00e2hd\u00e2hs kenne deize info\u00e2hmasie auk bek\u00e8ke en bewerrek\u00fbh.<\/span><\/p>\n<p class=\"brz-tp-paragraph brz-css-yblBs\"><span class=\"brz-cp-color6\"> <\/span><\/p>\n<p class=\"brz-tp-paragraph brz-css-cZp5u\"><span class=\"brz-cp-color6\">  Asje un aks\u00e2hnt hep op deize site of je hep reijaksies acht\u00e2h gelate, ken je vezoeke om un expogtbestand vajje pegsaunlijke gegeves die we vajje hebbe, inklusief alle gegeves die je ons opgegeive hep. Je ken auk vezoeke dat we alle pegsaunlijke gegeves die we vajje hebbe wiss\u00fbh. Dit bevat gein gegeves die we verreplich motte beware in veband met administratieve, wettelijke of bev\u00e8ligings doel\u00e8nd\u00fbh.<\/span><\/p>\n<p class=\"brz-tp-paragraph brz-css-zFtk4\"><span class=\"brz-cp-color6\"> <\/span><\/p>\n<p class=\"brz-tp-paragraph brz-css-vG5AT\"><span class=\"brz-cp-color6\">Maugelijk wogde reijaksies van bezoek\u00e2hs gekontraule\u00e2hd via un geautaumatise\u00e2hde spamdeiteksie service. <\/span><\/p>\n<\/div>\n<\/div>\n<\/div>\n<\/div>\n<\/div>\n<\/section>\n<\/div>\n<p>    <!-- version:1722530156 --><\/p>","protected":false},"excerpt":{"rendered":"<p>Privacy statement Ons site-adres is: https:\/\/www.rokenderegahs.nl. Als bezoekers reacties achterlaten op de site, verzamelen we de gegevens getoond in het reactieformulier, het IP-adres van de bezoeker en de browser user agent om te helpen spam te detecteren. Een geanonimiseerde string, gemaakt op basis van je e-mailadres (dit wordt ook een hash genoemd) kan worden gestuurd [&hellip;]<\/p>","protected":false},"author":1,"featured_media":0,"parent":0,"menu_order":0,"comment_status":"closed","ping_status":"closed","template":"brizy-blank-template.php","meta":{"footnotes":""},"class_list":["post-14397","page","type-page","status-publish","hentry"],"blocksy_meta":{"styles_descriptor":{"styles":{"desktop":"","tablet":"","mobile":""},"google_fonts":[],"version":6}},"brizy_media":[{"id":7992,"url":"https:\/\/www.rokenderegahs.nl\/wp-content\/uploads\/2020\/10\/1920.hout_.background.jpeg","name":"1920.hout_.background.jpeg","meta":{"brizy_attachment_uid":"wp-6db9b94887c26aa825b514f46159ff29.jpeg","brizy_post_uid":["581ddd8bdda750350d1adef94442a29d","942bf8a2ce85225057b84c265e0fae07","d022f464ad7a7a7cc791f2355eaef1ee","e27880553338cbf29c2c3a74541731bc","3d4569230e8f259343149acb814fba8d","6136cc53b50215a088e8c44d57fc8c42","7adb751b695839df65e1a794b4702616","8fbdf83f129538c972e8408ef637355e","0682028149e89237213c65512d4a6a11","f4fa951c28cfb690505d04c94718e45b","cf2dd933a76b66055c48e17e27710137","18bcbe368f8ef8b3686c3f20dd813f4e","b4eaf9c4279ee57ff32a32fe0e76f939","4ce678b511fa35adf9df7d2f0ebac412","e8c2247835f08267061deaeb22d42d82","4fed2ccec0fef4871a5ad08f539222cb"]}}],"_links":{"self":[{"href":"https:\/\/www.rokenderegahs.nl\/haags\/wp-json\/wp\/v2\/pages\/14397","targetHints":{"allow":["GET"]}}],"collection":[{"href":"https:\/\/www.rokenderegahs.nl\/haags\/wp-json\/wp\/v2\/pages"}],"about":[{"href":"https:\/\/www.rokenderegahs.nl\/haags\/wp-json\/wp\/v2\/types\/page"}],"author":[{"embeddable":true,"href":"https:\/\/www.rokenderegahs.nl\/haags\/wp-json\/wp\/v2\/users\/1"}],"replies":[{"embeddable":true,"href":"https:\/\/www.rokenderegahs.nl\/haags\/wp-json\/wp\/v2\/comments?post=14397"}],"version-history":[{"count":0,"href":"https:\/\/www.rokenderegahs.nl\/haags\/wp-json\/wp\/v2\/pages\/14397\/revisions"}],"wp:attachment":[{"href":"https:\/\/www.rokenderegahs.nl\/haags\/wp-json\/wp\/v2\/media?parent=14397"}],"curies":[{"name":"wp","href":"https:\/\/api.w.org\/{rel}","templated":true}]}}