{"id":7658,"date":"2020-10-28T20:51:19","date_gmt":"2020-10-28T19:51:19","guid":{"rendered":"https:\/\/www.rokenderegahs.nl\/?page_id=7658"},"modified":"2025-09-09T11:41:11","modified_gmt":"2025-09-09T09:41:11","slug":"bad-hot-dirty-box","status":"publish","type":"page","link":"https:\/\/www.rokenderegahs.nl\/haags\/bad-hot-dirty-box\/","title":{"rendered":"Slech, Heit &amp; Vies Daus"},"content":{"rendered":"<div class=\"brz-root__container brz-reset-all brz\">\n<section id=\"lvnheoccrmjceyrzbwuupzfrqhgfwbbfedkh\" class=\"brz-section brz-css-gmlQH brz-css-p1Tqm\">\n<div class=\"brz-section__content brz-section--boxed brz-css-xeAVO brz-css-u2qv_\" data-brz-custom-id=\"jsuzpmuvjmeqborjavmcpeflklumyabzrohb\">\n<div class=\"brz-bg\">\n<div class=\"brz-bg-image\"><\/div>\n<div class=\"brz-bg-color\"><\/div>\n<\/div>\n<div class=\"brz-container brz-css-hce0I\">\n<div class=\"brz-row__container brz-css-cw2G4 brz-css-lN5Mo\" data-brz-custom-id=\"anxtpsgrsunlkgibsvzygcuvvarscretipqv\">\n<div class=\"brz-bg\"><\/div>\n<div class=\"brz-row brz-css-tLdYN brz-css-e7Tny\">\n<div class=\"brz-columns brz-css-sqGhA brz-css-lRVmB\" data-brz-custom-id=\"wkcekemzgfjdwynnjktvmddwaijjygfdfzeq\">\n<div class=\"brz-bg\"><\/div>\n<div class=\"brz-column__items brz-css-m0Eca brz-css-giMpi\">\n<div id=\"\" class=\"brz-css-lazKD brz-wrapper\">\n<div class=\"brz-image brz-css-j6aLk\" data-brz-custom-id=\"nrqgidfmhbxsfxskblkoebjktnyvadufuzxy\"><img decoding=\"async\" class=\"brz-img\" src=\"https:\/\/www.rokenderegahs.nl\/wp-content\/uploads\/2020\/11\/1920.Regah_Rub_Bad_Bad_Hot_Dirty_Box.png\" alt=\"\" loading=\"lazy\"><\/div>\n<\/div>\n<\/div>\n<\/div>\n<div class=\"brz-columns brz-css-sqGhA brz-css-l86fO\" data-brz-custom-id=\"tyrgfrizjufrhjkxcvgcsxdugizxadsvpecp\">\n<div class=\"brz-bg\"><\/div>\n<div class=\"brz-column__items brz-css-m0Eca brz-css-pyY26\">\n<div id=\"\" class=\"brz-css-lazKD brz-wrapper\">\n<div class=\"brz-rich-text brz-rich-text__custom brz-css-jteZD\" data-brz-custom-id=\"veuxnoiliypbiyvehjuwsqnepkbuqcfcalcj\">\n<div data-brz-translate-text=\"1\">\n<h1 class=\"brz-text-lg-left brz-mt-lg-0 brz-lh-lg-1_3 brz-lh-sm-im-1_3 brz-lh-xs-im-1_3 brz-ls-lg-0 brz-ls-sm-im-m_1 brz-ls-xs-im-m_1 brz-ff-nzzkqlhsyoutyinuurytvssroublwqymzsuo brz-ft-upload brz-fw-lg-400 brz-fw-sm-im-400 brz-fw-xs-im-400 brz-mb-lg-0 brz-text-xs-center brz-fs-lg-86 brz-fs-sm-im-74 brz-fs-xs-im-68 brz-css-kVP0K\"><span class=\"brz-cp-color8\">Regah Rub<\/span><\/h1>\n<\/div>\n<\/div>\n<\/div>\n<div id=\"\" class=\"brz-css-lazKD brz-wrapper\">\n<div class=\"brz-rich-text brz-rich-text__custom brz-css-jteZD\" data-brz-custom-id=\"icwfezgqvgbxkzuhhkkweghdyourvqazivff\">\n<div data-brz-translate-text=\"1\">\n<h2 class=\"brz-text-xs-center brz-text-lg-left brz-tp-heading2 brz-css-a7Ztm\"><span class=\"brz-cp-color8\">BAD, HOT &amp; DIRTY<\/span><\/h2>\n<\/div>\n<\/div>\n<\/div>\n<div id=\"\" class=\"brz-css-lazKD brz-wrapper\">\n<div class=\"brz-rich-text brz-rich-text__custom brz-css-jteZD\" data-brz-custom-id=\"tgffgjpwjasszacovtqqxuymgbfhqjkyahda\">\n<div data-brz-translate-text=\"1\">\n<p class=\"brz-text-xs-center brz-tp-paragraph brz-css-gRxmU\"><span class=\"brz-cp-color6\">Da's ff lekk\u00e2h, hep j\u00e8 gewaun un limited edision Bad, Hot &amp; Dirty Box ijje bezit. Un bet\u00e2h kado ken je nie hebb\u00fbh. Of je hem n\u00e2h gekreige hep, zelluf h\u00e2hd of weggeif.. j\u00e8 hep hem in ied\u00e2h geval ff ijje bezit gehad.<\/span><\/p>\n<p class=\"brz-lh-lg-1_9 brz-lh-sm-im-1_6 brz-lh-xs-im-1_6 brz-fs-lg-15 brz-fs-sm-im-14 brz-fs-xs-im-14 brz-ls-lg-0 brz-ls-sm-im-0 brz-ls-xs-im-0 brz-ff-qeuxjdkuhlmozlgzygiafigqghuhlbcfhpus brz-ft-upload brz-fw-lg-400 brz-fw-sm-im-400 brz-fw-xs-im-400 brz-css-eSbmP\"><span class=\"brz-cp-color6\"> <\/span><\/p>\n<p class=\"brz-text-xs-center brz-lh-lg-1_9 brz-lh-sm-im-1_6 brz-lh-xs-im-1_6 brz-ls-lg-0 brz-ls-sm-im-0 brz-ls-xs-im-0 brz-ff-qeuxjdkuhlmozlgzygiafigqghuhlbcfhpus brz-ft-upload brz-fw-lg-400 brz-fw-sm-im-400 brz-fw-xs-im-400 brz-fs-lg-16 brz-fs-sm-im-15 brz-fs-xs-im-15 brz-css-kGJfd\"><span class=\"brz-cp-color6\">Wellekom b\u00e8 de <\/span><span class=\"brz-pre-population-visible brz-cp-color3\">#RegahRubClub<\/span><span class=\"brz-cp-color6 brz-pre-population-visible\">!<\/span><\/p>\n<\/div>\n<\/div>\n<\/div>\n<div id=\"\" class=\"brz-css-lazKD brz-css-iKq3S brz-css-bS0uN brz-wrapper\">\n<div class=\"brz-spacer brz-css-t60a1 brz-css-tSKTF\"><\/div>\n<\/div>\n<div class=\"brz-wrapper-clone brz-css-vwKnH\">\n<div class=\"brz-d-xs-flex brz-flex-xs-wrap brz-css-vzFrR brz-css-uG_DV\" data-brz-custom-id=\"\">\n<div class=\"brz-wrapper-clone__item\" id=\"dhfbpfbxffljrobwhaxgbvkgklsywadtrtpm\"><a class=\"brz-a brz-btn brz-css-wLcxN brz-css-t4z4m\" href=\"https:\/\/www.rokenderegahs.nl\/haags\/regah-rub-recepte\/\" target=\"_self\" rel=\"noopener\" data-brz-link-type=\"external\" data-brz-custom-id=\"dhfbpfbxffljrobwhaxgbvkgklsywadtrtpm\"><span data-brz-translate-text=\"1\" class=\"brz-span brz-text__editor\">Recepte<\/span><\/a><\/div>\n<div class=\"brz-wrapper-clone__item\" id=\"bnjuairlixdzjkxqsnrsriyypklqkhuazlwo\"><a class=\"brz-a brz-btn brz-css-wLcxN brz-css-tJWUS\" href=\"https:\/\/www.rokenderegahs.nl\/haags\/regah-rub\/\" target=\"_self\" rel=\"noopener\" data-brz-link-type=\"external\" data-brz-custom-id=\"bnjuairlixdzjkxqsnrsriyypklqkhuazlwo\"><span data-brz-translate-text=\"1\" class=\"brz-span brz-text__editor\">Me\u00e2h info<\/span><\/a><\/div>\n<\/div>\n<\/div>\n<\/div>\n<\/div>\n<\/div>\n<\/div>\n<\/div>\n<\/div>\n<\/section>\n<\/div>\n<p>    <!-- version:1722523672 --><\/p>","protected":false},"excerpt":{"rendered":"<p>Regah Rub BAD, HOT &amp; DIRTY Dat is ff lekker, heb jij gewoon een limited edition Bad, Hot &amp; Dirty Box in je bezit. Een beter cadeau kan je niet hebben. Of je hem nou gekregen hebt, zelf houdt of weggeeft.. jij hebt hem in ieder geval ff in je bezit gehad. Welkom bij de [&hellip;]<\/p>","protected":false},"author":1,"featured_media":11099,"parent":0,"menu_order":0,"comment_status":"closed","ping_status":"closed","template":"brizy-blank-template.php","meta":{"footnotes":""},"class_list":["post-7658","page","type-page","status-publish","has-post-thumbnail","hentry"],"blocksy_meta":{"styles_descriptor":{"styles":{"desktop":"","tablet":"","mobile":""},"google_fonts":[],"version":6}},"brizy_media":[{"id":5212,"url":"https:\/\/www.rokenderegahs.nl\/wp-content\/uploads\/2020\/08\/1920.RegahRub_trio.png","name":"1920.RegahRub_trio.png","meta":{"brizy_attachment_uid":"wp-10c2a3b400cf4308c219c35139add450.png","brizy_post_uid":["3d4569230e8f259343149acb814fba8d","581ddd8bdda750350d1adef94442a29d","6136cc53b50215a088e8c44d57fc8c42"]}},{"id":7992,"url":"https:\/\/www.rokenderegahs.nl\/wp-content\/uploads\/2020\/10\/1920.hout_.background.jpeg","name":"1920.hout_.background.jpeg","meta":{"brizy_attachment_uid":"wp-6db9b94887c26aa825b514f46159ff29.jpeg","brizy_post_uid":["581ddd8bdda750350d1adef94442a29d","942bf8a2ce85225057b84c265e0fae07","d022f464ad7a7a7cc791f2355eaef1ee","e27880553338cbf29c2c3a74541731bc","3d4569230e8f259343149acb814fba8d","6136cc53b50215a088e8c44d57fc8c42","7adb751b695839df65e1a794b4702616","8fbdf83f129538c972e8408ef637355e","0682028149e89237213c65512d4a6a11","f4fa951c28cfb690505d04c94718e45b","cf2dd933a76b66055c48e17e27710137","18bcbe368f8ef8b3686c3f20dd813f4e","b4eaf9c4279ee57ff32a32fe0e76f939","4ce678b511fa35adf9df7d2f0ebac412","e8c2247835f08267061deaeb22d42d82","4fed2ccec0fef4871a5ad08f539222cb"]}},{"id":10674,"url":"https:\/\/www.rokenderegahs.nl\/wp-content\/uploads\/2020\/11\/1920.Regah_Rub_Bad_Bad_Hot_Dirty_Box.png","name":"1920.Regah_Rub_Bad_Bad_Hot_Dirty_Box.png","meta":{"brizy_attachment_uid":"wp-92292c401253cb52d972cbe51e2fb397.png","brizy_post_uid":["6136cc53b50215a088e8c44d57fc8c42"]}}],"_links":{"self":[{"href":"https:\/\/www.rokenderegahs.nl\/haags\/wp-json\/wp\/v2\/pages\/7658","targetHints":{"allow":["GET"]}}],"collection":[{"href":"https:\/\/www.rokenderegahs.nl\/haags\/wp-json\/wp\/v2\/pages"}],"about":[{"href":"https:\/\/www.rokenderegahs.nl\/haags\/wp-json\/wp\/v2\/types\/page"}],"author":[{"embeddable":true,"href":"https:\/\/www.rokenderegahs.nl\/haags\/wp-json\/wp\/v2\/users\/1"}],"replies":[{"embeddable":true,"href":"https:\/\/www.rokenderegahs.nl\/haags\/wp-json\/wp\/v2\/comments?post=7658"}],"version-history":[{"count":0,"href":"https:\/\/www.rokenderegahs.nl\/haags\/wp-json\/wp\/v2\/pages\/7658\/revisions"}],"wp:featuredmedia":[{"embeddable":true,"href":"https:\/\/www.rokenderegahs.nl\/haags\/wp-json\/wp\/v2\/media\/11099"}],"wp:attachment":[{"href":"https:\/\/www.rokenderegahs.nl\/haags\/wp-json\/wp\/v2\/media?parent=7658"}],"curies":[{"name":"wp","href":"https:\/\/api.w.org\/{rel}","templated":true}]}}