{"id":646,"date":"2019-12-11T22:48:16","date_gmt":"2019-12-11T21:48:16","guid":{"rendered":"https:\/\/www.rokenderegahs.nl\/?post_type=product&#038;p=646"},"modified":"2025-04-26T00:08:50","modified_gmt":"2025-04-25T22:08:50","slug":"bad-buffalo-gunpowder","status":"publish","type":"product","link":"https:\/\/www.rokenderegahs.nl\/haags\/product\/bad-buffalo-gunpowder\/","title":{"rendered":"Bad Buffalau Gunpowd\u00e2h"},"content":{"rendered":"<p>Bad Buffalo Gunpowder is een klassieke BBQ Rub die oorspronkelijk is ontwikkeld voor rundvlees en speciaal voor Brisket. Met deze Beef Rub hebben de Rokende R\u00e8g\u00e2hs al meerdere eerste plaatsen behaald op wedstrijden. Maar deze rub is niet alleen geschikt voor Brisket, het is een zeer veelzijdige kruidenmix die op bijna alles geweldig smaakt.<\/p>\n<p>Of je ut n\u00e2h gebr\u00f9ik vo\u00e2h kipvleugels, popkorn of as toevoeging an gehak vo\u00e2h kill\u00e2h Bad Buffalau Burrag\u00e2hs, deize rub maak ellek gerech smaakvoll\u00e2h. Zellufs asje gein zin hep om naah b\u00f9it\u00fbh te gan, ken je ut prima gebr\u00f9ike op kipvleugels in de auve of airfry\u00e2h.<\/p>\n<p>De rub is niet alleen geschikt voor de BBQ, maar ook voor in de keuken. Het is een smakelijk alternatief voor peper en zout op een biefstuk of ribeye. Het is een kruidenmix die in ieders keukenkastje thuishoort en een heerlijke smaak toevoegt aan elk gerecht.<\/p>\n<p>\u201cUn explausie van smaak met Bad Buffalau Gunpowd\u00e2h\u201d<\/p>","protected":false},"excerpt":{"rendered":"<p>Bad Buffalo Gunpowder: klassieke BBQ Rub voor rundvlees en Brisket. Veelzijdig en bekroond. Maakt elk gerecht smaakvoller, van kipvleugels tot gehakt. Ook perfect voor de keuken als alternatief voor peper en zout. Een heerlijke smaakexplosie!<\/p>","protected":false},"featured_media":5206,"template":"","meta":[],"product_brand":[],"product_cat":[29],"product_tag":[103,294,293,292,290,291,55,30],"class_list":{"0":"post-646","1":"product","2":"type-product","3":"status-publish","4":"has-post-thumbnail","6":"product_cat-regahrub","7":"product_tag-bad-buffalo-gunpowder","8":"product_tag-barbecue","9":"product_tag-bbq","10":"product_tag-bbq-kruiden","11":"product_tag-bbq-rub","12":"product_tag-kruidenmix","13":"product_tag-regah-rub","14":"product_tag-regahrub","16":"first","17":"instock","18":"taxable","19":"shipping-taxable","20":"purchasable","21":"product-type-variable"},"brizy_media":[],"_links":{"self":[{"href":"https:\/\/www.rokenderegahs.nl\/haags\/wp-json\/wp\/v2\/product\/646","targetHints":{"allow":["GET"]}}],"collection":[{"href":"https:\/\/www.rokenderegahs.nl\/haags\/wp-json\/wp\/v2\/product"}],"about":[{"href":"https:\/\/www.rokenderegahs.nl\/haags\/wp-json\/wp\/v2\/types\/product"}],"wp:featuredmedia":[{"embeddable":true,"href":"https:\/\/www.rokenderegahs.nl\/haags\/wp-json\/wp\/v2\/media\/5206"}],"wp:attachment":[{"href":"https:\/\/www.rokenderegahs.nl\/haags\/wp-json\/wp\/v2\/media?parent=646"}],"wp:term":[{"taxonomy":"product_brand","embeddable":true,"href":"https:\/\/www.rokenderegahs.nl\/haags\/wp-json\/wp\/v2\/product_brand?post=646"},{"taxonomy":"product_cat","embeddable":true,"href":"https:\/\/www.rokenderegahs.nl\/haags\/wp-json\/wp\/v2\/product_cat?post=646"},{"taxonomy":"product_tag","embeddable":true,"href":"https:\/\/www.rokenderegahs.nl\/haags\/wp-json\/wp\/v2\/product_tag?post=646"}],"curies":[{"name":"wp","href":"https:\/\/api.w.org\/{rel}","templated":true}]}}