{"id":14397,"date":"2021-03-17T21:30:48","date_gmt":"2021-03-17T20:30:48","guid":{"rendered":"https:\/\/www.rokenderegahs.nl\/?page_id=14397"},"modified":"2025-09-09T10:53:22","modified_gmt":"2025-09-09T08:53:22","slug":"privacy","status":"publish","type":"page","link":"https:\/\/www.rokenderegahs.nl\/sv\/privacy\/","title":{"rendered":"Integritet"},"content":{"rendered":"<div class=\"brz-root__container brz-reset-all brz\">\n<section id=\"xwzzqehvhsvqsdeesuealcwwspceibhcppoh\" class=\"brz-section brz-css-xSuPr\">\n<div class=\"brz-section__content brz-section--boxed brz-css-s12VR brz-css-txJE9\" data-brz-custom-id=\"peefnmqcdlxtwkkgygrlyihtjgxiibpblbuy\">\n<div class=\"brz-bg\">\n<div class=\"brz-bg-image\"><\/div>\n<div class=\"brz-bg-color\"><\/div>\n<\/div>\n<div class=\"brz-container brz-css-iYw7v\">\n<div id=\"\" class=\"brz-css-wWyQg brz-wrapper\">\n<div class=\"brz-rich-text brz-rich-text__custom brz-css-rSvcQ\" data-brz-custom-id=\"nhbhxnalgpkymclrphcirwhlsfjquqbzskhw\">\n<div data-brz-translate-text=\"1\">\n<p class=\"brz-tp-heading2 brz-css-cVfjI\"><span class=\"brz-cp-color8\">Integritetspolicy <\/span><\/p>\n<\/div>\n<\/div>\n<\/div>\n<div id=\"\" class=\"brz-css-wWyQg brz-wrapper\">\n<div class=\"brz-rich-text brz-rich-text__custom brz-css-rSvcQ\" data-brz-custom-id=\"boccicutenodbtszimtasapxhxwnlgevcafq\">\n<div data-brz-translate-text=\"1\">\n<p class=\"brz-tp-paragraph brz-css-fkXl6\"><span class=\"brz-cp-color6\">Adressen till v\u00e5r webbplats \u00e4r: https:\/\/www.rokenderegahs.nl.<\/span><\/p>\n<p class=\"brz-tp-paragraph brz-css-g2gXU\"><span class=\"brz-cp-color6\"> <\/span><\/p>\n<p class=\"brz-tp-paragraph brz-css-w0ipE\"><span class=\"brz-cp-color6\">N\u00e4r bes\u00f6kare l\u00e4mnar kommentarer p\u00e5 webbplatsen samlar vi in de uppgifter som visas i kommentarformul\u00e4ret, bes\u00f6karens IP-adress och webbl\u00e4sarens anv\u00e4ndaragent f\u00f6r att hj\u00e4lpa till att uppt\u00e4cka skr\u00e4ppost.<\/span><\/p>\n<p class=\"brz-tp-paragraph brz-css-uUNZ5\"><span class=\"brz-cp-color6\"> <\/span><\/p>\n<p class=\"brz-tp-paragraph brz-css-u_Z4E\"><span class=\"brz-cp-color6\">En anonymiserad str\u00e4ng som skapas fr\u00e5n din e-postadress (detta kallas ocks\u00e5 en hash) kan skickas till Gravatar-tj\u00e4nsten om du anv\u00e4nder den. Sidan med integritetspolicyn hittar du h\u00e4r: https:\/\/automattic.com\/privacy\/. N\u00e4r din kommentar har godk\u00e4nts visas din profilbild offentligt i samband med din kommentar.<\/span><\/p>\n<p class=\"brz-tp-paragraph brz-css-ns7eb\"><span class=\"brz-cp-color6\"> <\/span><\/p>\n<p class=\"brz-tp-paragraph brz-css-u0kCg\"><span class=\"brz-cp-color6\">du \u00e4r en registrerad anv\u00e4ndare och laddar upp bilder till webbplatsen, b\u00f6r du undvika att ladda upp bilder som inneh\u00e5ller EXIF GPS-platsdata. Bes\u00f6kare p\u00e5 webbplatsen kan ladda ner bilderna fr\u00e5n webbplatsen och se platsuppgifterna.<\/span><\/p>\n<p class=\"brz-tp-paragraph brz-css-tv7jq\"><span class=\"brz-cp-color6\"> <\/span><\/p>\n<p class=\"brz-tp-paragraph brz-css-qSOzb\"><span class=\"brz-cp-color6\">N\u00e4r du l\u00e4mnar en kommentar p\u00e5 v\u00e5r webbplats kan du ange om ditt namn, din e-postadress och din webbplats f\u00e5r lagras i en cookie. Vi g\u00f6r detta f\u00f6r att underl\u00e4tta f\u00f6r dig s\u00e5 att du inte beh\u00f6ver ange dessa uppgifter igen f\u00f6r en ny kommentar. Dessa cookies \u00e4r giltiga i ett \u00e5r. <\/span><\/p>\n<p class=\"brz-tp-paragraph brz-css-f4z7Y\"><span class=\"brz-cp-color6\"> <\/span><\/p>\n<p class=\"brz-tp-paragraph brz-css-yTJH2\"><span class=\"brz-cp-color6\"> Om du bes\u00f6ker v\u00e5r inloggningssida lagrar vi en tillf\u00e4llig cookie f\u00f6r att kontrollera om din webbl\u00e4sare accepterar cookies. Denna cookie inneh\u00e5ller inga personuppgifter och raderas s\u00e5 snart du st\u00e4nger din webbl\u00e4sare.<\/span><\/p>\n<p class=\"brz-tp-paragraph brz-css-wNwBz\"><span class=\"brz-cp-color6\"> <\/span><\/p>\n<p class=\"brz-tp-paragraph brz-css-lPNe0\"><span class=\"brz-cp-color6\">N\u00e4r du loggar in lagrar vi n\u00e5gra cookies som \u00e4r relaterade till din inloggningsinformation och dina sk\u00e4rmvisningsalternativ. Inloggningscookies \u00e4r giltiga i 2 dagar och cookies f\u00f6r sk\u00e4rmvisningsalternativ \u00e4r giltiga i 1 \u00e5r. Om du v\u00e4ljer \"Kom ih\u00e5g mig\" sparas din inloggning i 2 veckor. N\u00e4r du loggar ut fr\u00e5n ditt konto raderas inloggningscookies.<\/span><\/p>\n<p class=\"brz-tp-paragraph brz-css-iEaQE\"><span class=\"brz-cp-color6\"> <\/span><\/p>\n<p class=\"brz-tp-paragraph brz-css-lwTd4\"><span class=\"brz-cp-color6\">N\u00e4r du redigerar eller publicerar ett inl\u00e4gg lagras ytterligare en cookie i din webbl\u00e4sare. Denna cookie inneh\u00e5ller inga personuppgifter utan endast inl\u00e4ggs-ID f\u00f6r den artikel som du har redigerat. Denna cookie upph\u00f6r att g\u00e4lla efter en dag.<\/span><\/p>\n<p class=\"brz-tp-paragraph brz-css-fBqGx\"><span class=\"brz-cp-color6\"> <\/span><\/p>\n<p class=\"brz-tp-paragraph brz-css-oXZTj\"><span class=\"brz-cp-color6\">Inl\u00e4gg p\u00e5 denna webbplats kan inneh\u00e5lla inb\u00e4ddat inneh\u00e5ll (t.ex. videor, bilder, meddelanden osv.). Inb\u00e4ddat inneh\u00e5ll fr\u00e5n andra webbplatser beter sig precis som om bes\u00f6karen hade bes\u00f6kt denna andra webbplats.<\/span><\/p>\n<p class=\"brz-tp-paragraph brz-css-zVZCS\"><span class=\"brz-cp-color6\"> <\/span><\/p>\n<p class=\"brz-tp-paragraph brz-css-e3Nie\"><span class=\"brz-cp-color6\"> Dessa webbplatser kan samla in uppgifter om dig, anv\u00e4nda cookies, b\u00e4dda in ytterligare sp\u00e5rning fr\u00e5n tredje part och \u00f6vervaka din interaktion med detta inb\u00e4ddade inneh\u00e5ll, inklusive registrering av din interaktion med inb\u00e4ddat inneh\u00e5ll om du har ett konto och \u00e4r inloggad p\u00e5 den webbplatsen.<\/span><\/p>\n<p class=\"brz-tp-paragraph brz-css-bOk5V\"><span class=\"brz-cp-color6\"> <\/span><\/p>\n<p class=\"brz-tp-paragraph brz-css-rqizY\"><span class=\"brz-cp-color6\"> Om du beg\u00e4r en \u00e5terst\u00e4llning av l\u00f6senordet kommer din IP-adress att inkluderas i e-postmeddelandet om \u00e5terst\u00e4llning.<\/span><\/p>\n<p class=\"brz-tp-paragraph brz-css-bkXUo\"><span class=\"brz-cp-color6\"> <\/span><\/p>\n<p class=\"brz-tp-paragraph brz-css-fCBaK\"><span class=\"brz-cp-color6\">N\u00e4r du l\u00e4mnar en kommentar lagras kommentaren och dess metadata f\u00f6r alltid. P\u00e5 s\u00e5 s\u00e4tt kan vi k\u00e4nna igen och godk\u00e4nna uppf\u00f6ljningskommentarer automatiskt ist\u00e4llet f\u00f6r att beh\u00f6va moderera dem.<\/span><\/p>\n<p class=\"brz-tp-paragraph brz-css-zpBas\"><span class=\"brz-cp-color6\"> <\/span><\/p>\n<p class=\"brz-tp-paragraph brz-css-hXZH9\"><span class=\"brz-cp-color6\">F\u00f6r anv\u00e4ndare som registrerar sig p\u00e5 v\u00e5r webbplats (om n\u00e5gon) lagrar vi ocks\u00e5 den personliga information som de tillhandah\u00e5ller i sin anv\u00e4ndarprofil. Alla anv\u00e4ndare kan n\u00e4r som helst visa, redigera eller radera sina personuppgifter (f\u00f6rutom att de inte kan \u00e4ndra sitt anv\u00e4ndarnamn). Webbplatsadministrat\u00f6rer kan ocks\u00e5 visa och redigera denna information.<\/span><\/p>\n<p class=\"brz-tp-paragraph brz-css-yblBs\"><span class=\"brz-cp-color6\"> <\/span><\/p>\n<p class=\"brz-tp-paragraph brz-css-cZp5u\"><span class=\"brz-cp-color6\">  Om du har ett konto p\u00e5 den h\u00e4r webbplatsen eller har l\u00e4mnat kommentarer kan du beg\u00e4ra en exportfil med de personuppgifter som vi har om dig, inklusive de uppgifter som du har l\u00e4mnat till oss. Du kan ocks\u00e5 beg\u00e4ra att vi raderar alla personuppgifter som vi har om dig. Detta g\u00e4ller inte uppgifter som vi \u00e4r skyldiga att beh\u00e5lla av administrativa, r\u00e4ttsliga eller s\u00e4kerhetsm\u00e4ssiga sk\u00e4l.<\/span><\/p>\n<p class=\"brz-tp-paragraph brz-css-zFtk4\"><span class=\"brz-cp-color6\"> <\/span><\/p>\n<p class=\"brz-tp-paragraph brz-css-vG5AT\"><span class=\"brz-cp-color6\">Bes\u00f6karnas svar kan \u00f6vervakas genom en automatiserad tj\u00e4nst f\u00f6r uppt\u00e4ckt av skr\u00e4ppost. <\/span><\/p>\n<\/div>\n<\/div>\n<\/div>\n<\/div>\n<\/div>\n<\/section>\n<\/div>\n<p>    <!-- version:1722530156 --><\/p>","protected":false},"excerpt":{"rendered":"<p>Integritetspolicy V\u00e5r webbplatsadress \u00e4r: https:\/\/www.rokenderegahs.nl. N\u00e4r bes\u00f6kare l\u00e4mnar kommentarer p\u00e5 webbplatsen samlar vi in de uppgifter som visas i kommentarsformul\u00e4ret, bes\u00f6karens IP-adress och webbl\u00e4sarens anv\u00e4ndaragent f\u00f6r att hj\u00e4lpa till att uppt\u00e4cka skr\u00e4ppost. En anonymiserad str\u00e4ng som skapas fr\u00e5n din e-postadress (detta kallas ocks\u00e5 en hash) kan skickas [...]<\/p>","protected":false},"author":1,"featured_media":0,"parent":0,"menu_order":0,"comment_status":"closed","ping_status":"closed","template":"brizy-blank-template.php","meta":{"footnotes":""},"class_list":["post-14397","page","type-page","status-publish","hentry"],"blocksy_meta":{"styles_descriptor":{"styles":{"desktop":"","tablet":"","mobile":""},"google_fonts":[],"version":6}},"brizy_media":[{"id":7992,"url":"https:\/\/www.rokenderegahs.nl\/wp-content\/uploads\/2020\/10\/1920.hout_.background.jpeg","name":"1920.hout_.background.jpeg","meta":{"brizy_attachment_uid":"wp-6db9b94887c26aa825b514f46159ff29.jpeg","brizy_post_uid":["581ddd8bdda750350d1adef94442a29d","942bf8a2ce85225057b84c265e0fae07","d022f464ad7a7a7cc791f2355eaef1ee","e27880553338cbf29c2c3a74541731bc","3d4569230e8f259343149acb814fba8d","6136cc53b50215a088e8c44d57fc8c42","7adb751b695839df65e1a794b4702616","8fbdf83f129538c972e8408ef637355e","0682028149e89237213c65512d4a6a11","f4fa951c28cfb690505d04c94718e45b","cf2dd933a76b66055c48e17e27710137","18bcbe368f8ef8b3686c3f20dd813f4e","b4eaf9c4279ee57ff32a32fe0e76f939","4ce678b511fa35adf9df7d2f0ebac412","e8c2247835f08267061deaeb22d42d82","4fed2ccec0fef4871a5ad08f539222cb"]}}],"_links":{"self":[{"href":"https:\/\/www.rokenderegahs.nl\/sv\/wp-json\/wp\/v2\/pages\/14397","targetHints":{"allow":["GET"]}}],"collection":[{"href":"https:\/\/www.rokenderegahs.nl\/sv\/wp-json\/wp\/v2\/pages"}],"about":[{"href":"https:\/\/www.rokenderegahs.nl\/sv\/wp-json\/wp\/v2\/types\/page"}],"author":[{"embeddable":true,"href":"https:\/\/www.rokenderegahs.nl\/sv\/wp-json\/wp\/v2\/users\/1"}],"replies":[{"embeddable":true,"href":"https:\/\/www.rokenderegahs.nl\/sv\/wp-json\/wp\/v2\/comments?post=14397"}],"version-history":[{"count":0,"href":"https:\/\/www.rokenderegahs.nl\/sv\/wp-json\/wp\/v2\/pages\/14397\/revisions"}],"wp:attachment":[{"href":"https:\/\/www.rokenderegahs.nl\/sv\/wp-json\/wp\/v2\/media?parent=14397"}],"curies":[{"name":"wp","href":"https:\/\/api.w.org\/{rel}","templated":true}]}}