{"id":7444,"date":"2020-10-15T21:55:02","date_gmt":"2020-10-15T19:55:02","guid":{"rendered":"https:\/\/www.rokenderegahs.nl\/?page_id=7444"},"modified":"2025-09-09T11:47:28","modified_gmt":"2025-09-09T09:47:28","slug":"regah-fest","status":"publish","type":"page","link":"https:\/\/www.rokenderegahs.nl\/sv\/regah-fest\/","title":{"rendered":"R\u00e8g\u00e2h Fest"},"content":{"rendered":"<div class=\"brz brz-root__container brz-reset-all brz-root__container-page\" >\n<section id=\"xnwzyrtrbcuylaxtrdthlfagwyxyjpjabaxw_xnwzyrtrbcuylaxtrdthlfagwyxyjpjabaxw\" class=\"brz-section brz-css-1sjgirm brz-css-h8zql5\">\n<div class=\"brz-section__content brz-section--boxed brz-css-lvxh3 brz-css-3nal6y\" data-brz-custom-id=\"ndajsnvykmjkwitlnxecmwcfibocqswaeavy\">\n<div class=\"brz-bg\">\n<div class=\"brz-bg-image\"><\/div>\n<div class=\"brz-bg-color\"><\/div>\n<\/div>\n<div class=\"brz-container brz-css-19dlor6 brz-css-u5bjuu\">\n<div class=\"brz-row__container brz-css-z3yqvd brz-css-jhwd7b\" data-brz-custom-id=\"ixukkacfsogotvevjcnitvjxlfgzxefriocg\">\n<div class=\"brz-row brz-css-13m5ach brz-css-wiq12z brz-css-efdn8m\">\n<div class=\"brz-columns brz-css-1yvrqqz brz-css-16moe9w\" data-brz-custom-id=\"myxzklrwhoamnctkcozebeohwecbpmlqanim\">\n<div class=\"brz-column__items brz-css-1laqd7v brz-css-88j8tf\">\n<div id=\"\" class=\"brz-css-1dgpup5 brz-css-1q0dmea brz-wrapper\">\n<div class=\"brz-image brz-css-1bns2s6 brz-css-70qili\" data-brz-custom-id=\"xtdfdxlkcctbtxljpnrfaxlhdaqmhxenmcgj\"><picture class=\"brz-picture brz-d-block brz-p-relative brz-css-c8rpq2 brz-css-d2mi3r\"><source srcset=\"https:\/\/www.rokenderegahs.nl\/wp-content\/uploads\/brizy\/imgs\/1080.RegahFest.logo_.Wit_.Transparant-555x555x0x0x555x555x1615655303.png 1x, https:\/\/www.rokenderegahs.nl\/wp-content\/uploads\/brizy\/imgs\/1080.RegahFest.logo_.Wit_.Transparant-1110x1110x0x0x1110x1110x1615655303.png 2x\" media=\"(min-width: 992px)\"><source srcset=\"https:\/\/www.rokenderegahs.nl\/wp-content\/uploads\/brizy\/imgs\/1080.RegahFest.logo_.Wit_.Transparant-354x354x0x0x354x354x1615655303.png 1x, https:\/\/www.rokenderegahs.nl\/wp-content\/uploads\/brizy\/imgs\/1080.RegahFest.logo_.Wit_.Transparant-708x708x0x0x708x708x1615655303.png 2x\" media=\"(min-width: 768px)\"><img decoding=\"async\" class=\"brz-img\" srcset=\"https:\/\/www.rokenderegahs.nl\/wp-content\/uploads\/brizy\/imgs\/1080.RegahFest.logo_.Wit_.Transparant-430x430x0x0x430x430x1615655303.png 1x, https:\/\/www.rokenderegahs.nl\/wp-content\/uploads\/brizy\/imgs\/1080.RegahFest.logo_.Wit_.Transparant-860x860x0x0x860x860x1615655303.png 2x\" src=\"https:\/\/www.rokenderegahs.nl\/wp-content\/uploads\/brizy\/imgs\/1080.RegahFest.logo_.Wit_.Transparant-555x555x0x0x555x555x1615655303.png\" loading=\"lazy\" alt=\"\" title=\"1080.RegahFest.logo.Wit.Transparant\" draggable=\"false\"><\/picture><\/div>\n<\/div>\n<\/div>\n<\/div>\n<div class=\"brz-columns brz-css-1yvrqqz brz-css-anewtd\" data-brz-custom-id=\"czzfejootxrdierslkbkyazzdszyiibyhdao\">\n<div class=\"brz-column__items brz-css-1laqd7v brz-css-17ev48d\">\n<div id=\"\" class=\"brz-css-1dgpup5 brz-css-m5q872 brz-wrapper\">\n<div class=\"brz-rich-text brz-rich-text__custom brz-css-1sfezx2 brz-css-1eoihgn\" data-brz-custom-id=\"ccrpzlbzdtkenvkanuzfeqwcwsxzozfdghea\">\n<div data-brz-translate-text=\"1\">\n<p class=\"brz-text-lg-justify brz-fs-xs-im-46 brz-fs-sm-im-52 brz-fs-lg-64 brz-fw-xs-im-400 brz-fw-sm-im-400 brz-fw-lg-400 brz-ft-upload brz-ff-ozegemuawwdzpmtxrodjefloxtfspwoaopuv brz-ls-xs-im-m_1 brz-ls-sm-im-m_1 brz-ls-lg-0 brz-lh-xs-im-1_3 brz-lh-sm-im-1_3 brz-lh-lg-1_3 brz-text-xs-center brz-css-uA7TJ\"><strong class=\"brz-cp-color8\">RegahFest<\/strong><\/p>\n<p class=\"brz-text-lg-justify brz-fs-xs-im-46 brz-fs-sm-im-52 brz-fs-lg-64 brz-fw-xs-im-400 brz-fw-sm-im-400 brz-fw-lg-400 brz-ft-upload brz-ff-ozegemuawwdzpmtxrodjefloxtfspwoaopuv brz-ls-xs-im-m_1 brz-ls-sm-im-m_1 brz-ls-lg-0 brz-lh-xs-im-1_3 brz-lh-sm-im-1_3 brz-lh-lg-1_3 brz-text-xs-center brz-css-b7B14\"><strong class=\"brz-cp-color8\">BBQ-FESTIVAL <\/strong><\/p>\n<\/div>\n<\/div>\n<\/div>\n<div id=\"\" class=\"brz-css-1dgpup5 brz-css-1dc37j5 brz-css-1igbuco brz-wrapper\">\n<div class=\"brz-spacer brz-css-1c0mgm0 brz-css-o4arzj\"><\/div>\n<\/div>\n<div id=\"\" class=\"brz-css-1dgpup5 brz-css-16bqiju brz-wrapper\">\n<div class=\"brz-rich-text brz-rich-text__custom brz-css-1sfezx2 brz-css-1hamm5a\" data-brz-custom-id=\"creptuhrdnotvdqxsjrkkkagxromiblxpnjq\">\n<div data-brz-translate-text=\"1\">\n<p class=\"brz-text-xs-center brz-fw-xs-400 brz-fw-sm-400 brz-fw-lg-400 brz-ft-upload brz-ff-zeaifkczwqgzbkwzsdvcnqxewdcqkmlvkhvi brz-ls-xs-0 brz-ls-sm-0 brz-ls-lg-0 brz-fs-xs-15 brz-fs-sm-15 brz-fs-lg-16 brz-lh-xs-1_6 brz-lh-sm-1_6 brz-lh-lg-1_9 brz-css-b630T\" data-uniq-id=\"qZQwA\" data-generated-css=\"brz-css-izvff\"><span class=\"brz-cp-color6\">Den f\u00f6rsta, enda och enda BBQ-festivalen i <\/span><\/p>\n<p class=\"brz-text-xs-center brz-fw-xs-400 brz-fw-sm-400 brz-fw-lg-400 brz-ft-upload brz-ff-zeaifkczwqgzbkwzsdvcnqxewdcqkmlvkhvi brz-ls-xs-0 brz-ls-sm-0 brz-ls-lg-0 brz-fs-xs-15 brz-fs-sm-15 brz-fs-lg-16 brz-lh-xs-1_6 brz-lh-sm-1_6 brz-lh-lg-1_9 brz-css-rqNMb\" data-uniq-id=\"kBFoI\" data-generated-css=\"brz-css-mE47z\"><span class=\"brz-cp-color6\">Haag. Gratis intr\u00e4de, gratis provsmakning. <\/span><\/p>\n<p class=\"brz-fw-xs-400 brz-fw-sm-400 brz-fw-lg-400 brz-ft-upload brz-ff-zeaifkczwqgzbkwzsdvcnqxewdcqkmlvkhvi brz-ls-xs-0 brz-ls-sm-0 brz-ls-lg-0 brz-fs-xs-15 brz-fs-sm-15 brz-fs-lg-16 brz-lh-xs-1_6 brz-lh-sm-1_6 brz-lh-lg-1_9 brz-css-zfyjP\" data-uniq-id=\"ius_k\" data-generated-css=\"brz-css-dajAz\"><span class=\"brz-cp-color6\"> <\/span><\/p>\n<p class=\"brz-text-xs-center brz-fw-xs-400 brz-fw-sm-400 brz-fw-lg-400 brz-ft-upload brz-ff-zeaifkczwqgzbkwzsdvcnqxewdcqkmlvkhvi brz-ls-xs-0 brz-ls-sm-0 brz-ls-lg-0 brz-fs-xs-15 brz-fs-sm-15 brz-fs-lg-16 brz-lh-xs-1_6 brz-lh-sm-1_6 brz-lh-lg-1_9 brz-css-rA9FK\" data-uniq-id=\"mgPYT\" data-generated-css=\"brz-css-rHGZ8\"><span class=\"brz-cp-color6\">F\u00f6rhoppningsvis kommer det att vara m\u00f6jligt igen i framtiden.<\/span><\/p>\n<\/div>\n<\/div>\n<\/div>\n<div id=\"\" class=\"brz-css-1dgpup5 brz-css-1dc37j5 brz-css-72o7y6 brz-wrapper\">\n<div class=\"brz-spacer brz-css-1c0mgm0 brz-css-f4p95o\"><\/div>\n<\/div>\n<div class=\"brz-row__container brz-css-z3yqvd brz-css-lyvo67\" data-brz-custom-id=\"oqmlpousfdrgfcabmgpswxdwgyhmekzaqbzz\">\n<div class=\"brz-row brz-row--inner brz-css-13m5ach brz-css-wiq12z brz-css-1od4dcf\">\n<div class=\"brz-columns brz-css-1yvrqqz brz-css-p0a4dm\" data-brz-custom-id=\"bdwqewogksitifiuikglbhakavkpxiailzuk\">\n<div class=\"brz-column__items brz-css-1laqd7v brz-css-z1uc4b\">\n<div class=\"brz-wrapper-clone brz-flex-xs-wrap brz-css-w6vp83 brz-css-hdgwe9\" data-brz-custom-id=\"cvbwednwqulwqixkatyksmtoqcjtwdkyzjjd\"><a class=\"brz-a brz-btn brz-css-gfcpqv brz-css-19i554m brz-css-pgg649 brz-css-1x1dxyt\" href=\"#fnibdxibwuctieosakcmimdzemvjujcshgur\" target=\"_self\" rel=\"noopener\" data-brz-link-type=\"popup\" data-brz-custom-id=\"lebskrydpanjqgkgfoxkwtzeldjctlqsmcrh\"><span data-brz-translate-text=\"1\" class=\"brz-span brz-text__editor\">Tillbakablick p\u00e5 2018<\/span><\/a><\/p>\n<div class=\"brz brz-popup2 brz-popup2__preview brz-popup2__auto brz-popup2--fixed brz-css-1251yue brz-css-18xtgf8\" id=\"fnibdxibwuctieosakcmimdzemvjujcshgur\" data-brz-popup=\"fnibdxibwuctieosakcmimdzemvjujcshgur\" data-brz-click_outside_to_close=\"true\" data-brz-once-id=\"fnibdxibwuctieosakcmimdzemvjujcshgur\" data-brz-custom-id=\"ckawnfdptgejowpqlmetqukaqolxtztacnop\">\n<div class=\"brz-bg\">\n<div class=\"brz-bg-color\"><\/div>\n<\/div>\n<div class=\"brz-popup2__inner brz-d-xs-flex brz-flex-xs-wrap brz-css-121at4g brz-css-nxxztr\">\n<div class=\"brz-container__wrap\">\n<div class=\"brz-popup2__close\" data-brz-custom-id=\"ckawnfdptgejowpqlmetqukaqolxtztacnop--close\"><svg class=\"brz-icon-svg align-[initial]\"><use href=\"\/wp-content\/plugins\/brizy\/public\/editor-build\/prod\/editor\/icons\/editor\/close-popup.svg#brz_icon\"><\/use><\/svg><\/div>\n<div class=\"brz-container\">\n<div class=\"brz-row__container brz-css-z3yqvd brz-css-1wooqn9\" data-brz-custom-id=\"whwjlncahyfvaglndimxtcfktqhrmhwwjdzq\">\n<div class=\"brz-bg\">\n<div class=\"brz-bg-color\"><\/div>\n<\/div>\n<div class=\"brz-row brz-row--inner brz-css-13m5ach brz-css-fksrdx\">\n<div class=\"brz-columns brz-css-1yvrqqz brz-css-1tg8e9a\" data-brz-custom-id=\"dvvgjwkivclymubxptvkszvahzbysegkgreq\">\n<div class=\"brz-column__items brz-css-1laqd7v brz-css-a8k1au\">\n<div id=\"\" class=\"brz-css-1dgpup5 brz-css-ndyzss brz-wrapper\">\n<div class=\"brz-rich-text brz-rich-text__custom brz-css-1sfezx2 brz-css-a1fw7n\" data-brz-custom-id=\"qpuifsknxyocahvnhufpmesdoogwsfusflif\">\n<div data-brz-translate-text=\"1\">\n<p class=\"brz-text-lg-center brz-tp-heading2 brz-css-g66jx\"><span class=\"brz-cp-color2\">RegahFest 2018; det globala BBQ-slaget<\/span><\/p>\n<\/div>\n<\/div>\n<\/div>\n<div id=\"\" class=\"brz-css-1dgpup5 brz-css-fjlhsa brz-wrapper\">\n<div class=\"brz-video brz-youtube-video brz-video-on-controls-hidden brz-css-1ki6grc\" data-brz-custom-id=\"luebbkpfcnybtgcivsqvntwwjknwkozdxddp\">\n<div class=\"brz-video-content\" data-loop=\"false\" data-muted=\"false\" data-autoplay=\"off\">\n<div class=\"video-wrapper brz-image-fix-16-9\">\n<div class=\"brz-video-data brz-hidden\" data-src=\"https:\/\/www.youtube.com\/embed\/ERtpU2LaUWI?autoplay=0&amp;controls=1&amp;start=0&amp;end=0&amp;modestbranding=1&amp;wmode=transparent&amp;enablejsapi=1&amp;loop=0&amp;rel=0&amp;mute=0\" data-population=\"\" data-controls=\"true\" data-branding=\"false\" data-intro=\"true\" data-start=\"0\" data-end=\"0\" data-loop=\"false\" data-autoplay=\"off\"><\/div>\n<p><iframe loading=\"lazy\" allowfullscreen=\"\" class=\"intrinsic-ignore brz-iframe\" src=\"https:\/\/www.youtube.com\/embed\/ERtpU2LaUWI?autoplay=0&amp;controls=1&amp;start=0&amp;end=0&amp;modestbranding=1&amp;wmode=transparent&amp;enablejsapi=1&amp;loop=0&amp;rel=0&amp;mute=0\" title=\"video\"><\/iframe><\/div>\n<\/div>\n<\/div>\n<\/div>\n<\/div>\n<\/div>\n<\/div>\n<\/div>\n<\/div>\n<\/div>\n<\/div>\n<\/div>\n<\/div>\n<\/div>\n<\/div>\n<div class=\"brz-columns brz-css-1yvrqqz brz-css-1btlta6\" data-brz-custom-id=\"pkzjixcqcedoknrbaehzejnduozoqtefnibb\">\n<div class=\"brz-column__items brz-css-1laqd7v brz-css-3lgtk8\">\n<div class=\"brz-wrapper-clone brz-flex-xs-wrap brz-css-w6vp83 brz-css-1fvlnqy\" data-brz-custom-id=\"anlenlxzfgcpkwtifbwbvigzdtltqmwegmiq\"><a class=\"brz-a brz-btn brz-css-gfcpqv brz-css-16oq6vb brz-css-pgg649 brz-css-1vpd0xf\" href=\"#smpjpclcbdfnenhvucivsdzjxzfedjcqoavx\" target=\"_self\" rel=\"noopener\" data-brz-link-type=\"popup\" data-brz-custom-id=\"hdjxrrddlpedfpticnffhkyxfjtwmbdqhwxv\"><span data-brz-translate-text=\"1\" class=\"brz-span brz-text__editor\">Ta kontakt med oss<\/span><\/a><\/div>\n<\/div>\n<\/div>\n<\/div>\n<\/div>\n<\/div>\n<\/div>\n<\/div>\n<\/div>\n<\/div>\n<\/div>\n<\/section><\/div>\n<p><!-- version:1757411248 --><\/p>","protected":false},"excerpt":{"rendered":"<p>Haags f\u00f6rsta och enda riktiga BBQ-festival med internationell KCBS BBQ-t\u00e4vling. Gratis intr\u00e4de, gratis provsmakning!<\/p>","protected":false},"author":1,"featured_media":8595,"parent":0,"menu_order":0,"comment_status":"closed","ping_status":"closed","template":"brizy-blank-template.php","meta":{"footnotes":""},"class_list":["post-7444","page","type-page","status-publish","has-post-thumbnail","hentry"],"blocksy_meta":{"styles_descriptor":{"styles":{"desktop":"","tablet":"","mobile":""},"google_fonts":[],"version":6}},"brizy_media":[{"id":6338,"url":"https:\/\/www.rokenderegahs.nl\/wp-content\/uploads\/2020\/10\/1024.RegahFest_logo.trans_.png","name":"1024.RegahFest_logo.trans_.png","meta":{"brizy_attachment_uid":"wp-305a2baac03af3a3ceaf7fa9b33a4e67.png","brizy_post_uid":["581ddd8bdda750350d1adef94442a29d","e27880553338cbf29c2c3a74541731bc"]}},{"id":7992,"url":"https:\/\/www.rokenderegahs.nl\/wp-content\/uploads\/2020\/10\/1920.hout_.background.jpeg","name":"1920.hout_.background.jpeg","meta":{"brizy_attachment_uid":"wp-6db9b94887c26aa825b514f46159ff29.jpeg","brizy_post_uid":["581ddd8bdda750350d1adef94442a29d","942bf8a2ce85225057b84c265e0fae07","d022f464ad7a7a7cc791f2355eaef1ee","e27880553338cbf29c2c3a74541731bc","3d4569230e8f259343149acb814fba8d","6136cc53b50215a088e8c44d57fc8c42","7adb751b695839df65e1a794b4702616","8fbdf83f129538c972e8408ef637355e","0682028149e89237213c65512d4a6a11","f4fa951c28cfb690505d04c94718e45b","cf2dd933a76b66055c48e17e27710137","18bcbe368f8ef8b3686c3f20dd813f4e","b4eaf9c4279ee57ff32a32fe0e76f939","4ce678b511fa35adf9df7d2f0ebac412","e8c2247835f08267061deaeb22d42d82","4fed2ccec0fef4871a5ad08f539222cb"]}},{"id":8607,"url":"https:\/\/www.rokenderegahs.nl\/wp-content\/uploads\/2020\/10\/1080.RokendeRegahs.logo_.transparant.png","name":"1080.RokendeRegahs.logo_.transparant.png","meta":{"brizy_attachment_uid":"wp-75b1e726446156d3c7bfe0a0b5558f83.png","brizy_post_uid":["581ddd8bdda750350d1adef94442a29d","9552100f1673a1decfd2dc1ea3da7719","fbdfd2832320597068047361bdce50d2","e27880553338cbf29c2c3a74541731bc","e8c2247835f08267061deaeb22d42d82"]}},{"id":14029,"url":"https:\/\/www.rokenderegahs.nl\/wp-content\/uploads\/2021\/03\/1080.RegahFest.logo_.Wit_.Transparant.png","name":"1080.RegahFest.logo_.Wit_.Transparant.png","meta":{"brizy_attachment_uid":"wp-a483ee236b9d07e8510d7cfcdc11e6d2.png","brizy_post_uid":["581ddd8bdda750350d1adef94442a29d","e27880553338cbf29c2c3a74541731bc"]}}],"_links":{"self":[{"href":"https:\/\/www.rokenderegahs.nl\/sv\/wp-json\/wp\/v2\/pages\/7444","targetHints":{"allow":["GET"]}}],"collection":[{"href":"https:\/\/www.rokenderegahs.nl\/sv\/wp-json\/wp\/v2\/pages"}],"about":[{"href":"https:\/\/www.rokenderegahs.nl\/sv\/wp-json\/wp\/v2\/types\/page"}],"author":[{"embeddable":true,"href":"https:\/\/www.rokenderegahs.nl\/sv\/wp-json\/wp\/v2\/users\/1"}],"replies":[{"embeddable":true,"href":"https:\/\/www.rokenderegahs.nl\/sv\/wp-json\/wp\/v2\/comments?post=7444"}],"version-history":[{"count":3,"href":"https:\/\/www.rokenderegahs.nl\/sv\/wp-json\/wp\/v2\/pages\/7444\/revisions"}],"predecessor-version":[{"id":30508,"href":"https:\/\/www.rokenderegahs.nl\/sv\/wp-json\/wp\/v2\/pages\/7444\/revisions\/30508"}],"wp:featuredmedia":[{"embeddable":true,"href":"https:\/\/www.rokenderegahs.nl\/sv\/wp-json\/wp\/v2\/media\/8595"}],"wp:attachment":[{"href":"https:\/\/www.rokenderegahs.nl\/sv\/wp-json\/wp\/v2\/media?parent=7444"}],"curies":[{"name":"wp","href":"https:\/\/api.w.org\/{rel}","templated":true}]}}