{"id":646,"date":"2019-12-11T22:48:16","date_gmt":"2019-12-11T21:48:16","guid":{"rendered":"https:\/\/www.rokenderegahs.nl\/?post_type=product&#038;p=646"},"modified":"2025-04-26T00:08:50","modified_gmt":"2025-04-25T22:08:50","slug":"bad-buffalo-gunpowder","status":"publish","type":"product","link":"https:\/\/www.rokenderegahs.nl\/sv\/produkt\/bad-buffalo-gunpowder\/","title":{"rendered":"Bad Buffalo Krut"},"content":{"rendered":"<p>Bad Buffalo Gunpowder \u00e4r en klassisk BBQ Rub som ursprungligen utvecklades f\u00f6r n\u00f6tk\u00f6tt och s\u00e4rskilt f\u00f6r bringa. Med denna Beef Rub har Smoking R\u00e8g\u00e2hs redan vunnit flera f\u00f6rstaplatser vid t\u00e4vlingar. Men denna rub \u00e4r inte bara l\u00e4mplig f\u00f6r Brisket, det \u00e4r en mycket m\u00e5ngsidig kryddblandning som smakar bra p\u00e5 n\u00e4stan allt.<\/p>\n<p>Oavsett om du anv\u00e4nder den till kycklingvingar, popcorn eller som tillsats i k\u00f6ttf\u00e4rs till grymma Bad Buffalo Burgers, g\u00f6r denna rub alla r\u00e4tter mer smakrika. \u00c4ven om du inte k\u00e4nner f\u00f6r att g\u00e5 ut kan du anv\u00e4nda den p\u00e5 kycklingvingar i ugnen eller airfryern.<\/p>\n<p>Rubben \u00e4r inte bara l\u00e4mplig f\u00f6r BBQ, utan \u00e4ven f\u00f6r matlagning. Den \u00e4r ett smakfullt alternativ till salt och peppar p\u00e5 en biff eller ribeye. Det \u00e4r en kryddblandning som h\u00f6r hemma i alla k\u00f6kssk\u00e5p och som ger en uts\u00f6kt smak till alla r\u00e4tter.<\/p>\n<p>\"En explosion av smak med Bad Buffalo Gunpowder\"<\/p>","protected":false},"excerpt":{"rendered":"<p>Bad Buffalo Gunpowder: klassisk BBQ Rub f\u00f6r n\u00f6tk\u00f6tt och Brisket. M\u00e5ngsidig och prisbel\u00f6nt. G\u00f6r alla r\u00e4tter godare, fr\u00e5n kycklingvingar till k\u00f6ttf\u00e4rs. Ocks\u00e5 perfekt f\u00f6r matlagning som ett alternativ till salt och peppar. En uts\u00f6kt smakexplosion!<\/p>","protected":false},"featured_media":5206,"template":"","meta":[],"product_brand":[],"product_cat":[29],"product_tag":[103,294,293,292,290,291,55,30],"class_list":{"0":"post-646","1":"product","2":"type-product","3":"status-publish","4":"has-post-thumbnail","6":"product_cat-regahrub","7":"product_tag-bad-buffalo-gunpowder","8":"product_tag-barbecue","9":"product_tag-bbq","10":"product_tag-bbq-kruiden","11":"product_tag-bbq-rub","12":"product_tag-kruidenmix","13":"product_tag-regah-rub","14":"product_tag-regahrub","16":"first","17":"instock","18":"taxable","19":"shipping-taxable","20":"purchasable","21":"product-type-variable"},"brizy_media":[],"_links":{"self":[{"href":"https:\/\/www.rokenderegahs.nl\/sv\/wp-json\/wp\/v2\/product\/646","targetHints":{"allow":["GET"]}}],"collection":[{"href":"https:\/\/www.rokenderegahs.nl\/sv\/wp-json\/wp\/v2\/product"}],"about":[{"href":"https:\/\/www.rokenderegahs.nl\/sv\/wp-json\/wp\/v2\/types\/product"}],"wp:featuredmedia":[{"embeddable":true,"href":"https:\/\/www.rokenderegahs.nl\/sv\/wp-json\/wp\/v2\/media\/5206"}],"wp:attachment":[{"href":"https:\/\/www.rokenderegahs.nl\/sv\/wp-json\/wp\/v2\/media?parent=646"}],"wp:term":[{"taxonomy":"product_brand","embeddable":true,"href":"https:\/\/www.rokenderegahs.nl\/sv\/wp-json\/wp\/v2\/product_brand?post=646"},{"taxonomy":"product_cat","embeddable":true,"href":"https:\/\/www.rokenderegahs.nl\/sv\/wp-json\/wp\/v2\/product_cat?post=646"},{"taxonomy":"product_tag","embeddable":true,"href":"https:\/\/www.rokenderegahs.nl\/sv\/wp-json\/wp\/v2\/product_tag?post=646"}],"curies":[{"name":"wp","href":"https:\/\/api.w.org\/{rel}","templated":true}]}}