{"id":650,"date":"2019-12-11T22:56:23","date_gmt":"2019-12-11T21:56:23","guid":{"rendered":"https:\/\/www.rokenderegahs.nl\/?post_type=product&#038;p=650"},"modified":"2023-04-23T18:41:01","modified_gmt":"2023-04-23T16:41:01","slug":"oltimers-dirty-hogs","status":"publish","type":"product","link":"https:\/\/www.rokenderegahs.nl\/sv\/produkt\/oltimers-dirty-hogs\/","title":{"rendered":"Gamla tiders smutsiga svin"},"content":{"rendered":"<p>Ol'Timers Dirty Hogs \u00e4r en l\u00e4cker kryddblandning speciellt framtagen f\u00f6r fl\u00e4skk\u00f6tt. Genom att anv\u00e4nda tre sorters socker, kanel och olika kryddor skapar du en smakrik kryddig s\u00f6tma f\u00f6ljt av en kryddig kick. \"S\u00f6tt med en kryddig kick, precis som v\u00e5ra kvinnor\", som vi brukar s\u00e4ga.<\/p>\n<p>Sockerarterna i blandningen skapar en fin skorpa och en uts\u00f6kt doft p\u00e5 dina revbensspj\u00e4ll och pulled pork men passar ocks\u00e5 utm\u00e4rkt p\u00e5 en fl\u00e4skfil\u00e9. Men denna BBQ Rub \u00e4r inte bara l\u00e4mplig f\u00f6r traditionella grillr\u00e4tter, \u00e4ven i k\u00f6ttbullar, i kombination med olika typer av vilt eller genom en gryta kommer denna kryddblandning till sin r\u00e4tt.<\/p>\n<p>S\u00e5 den h\u00e4r kryddblandningen \u00e4r mycket mer \u00e4n bara en rub f\u00f6r BBQ! Oavsett om du vill ha en l\u00e4cker bit fl\u00e4sk fr\u00e5n grillen eller en god gryta p\u00e5 spisen, ger den h\u00e4r blandningen alltid det d\u00e4r lilla extra. Med denna R\u00e8g\u00e2hrub blir din matr\u00e4tt aldrig tr\u00e5kig och smakl\u00f6s igen, utan kryddig och full av smak.<\/p>\n<p>\"Ge din gris en kick med Ol'Timers Dirty Hogs\"<\/p>","protected":false},"excerpt":{"rendered":"<p>Ol'Timers Dirty Hogs: l\u00e4cker kryddblandning f\u00f6r fl\u00e4skk\u00f6tt. S\u00f6t med en kryddig kick. Perfekt f\u00f6r revbensspj\u00e4ll, pulled pork och mycket mer. Passar \u00e4ven till k\u00f6ttbullar, vilt och grytor. Ger alltid extra smak. \"Ge ditt fl\u00e4skk\u00f6tt en kick!<\/p>","protected":false},"featured_media":5209,"template":"","meta":[],"product_brand":[],"product_cat":[29],"product_tag":[294,293,292,290,291,104,55,30],"class_list":{"0":"post-650","1":"product","2":"type-product","3":"status-publish","4":"has-post-thumbnail","6":"product_cat-regahrub","7":"product_tag-barbecue","8":"product_tag-bbq","9":"product_tag-bbq-kruiden","10":"product_tag-bbq-rub","11":"product_tag-kruidenmix","12":"product_tag-oltimers-dirty-hogs","13":"product_tag-regah-rub","14":"product_tag-regahrub","16":"first","17":"instock","18":"taxable","19":"shipping-taxable","20":"purchasable","21":"product-type-variable"},"brizy_media":[],"_links":{"self":[{"href":"https:\/\/www.rokenderegahs.nl\/sv\/wp-json\/wp\/v2\/product\/650","targetHints":{"allow":["GET"]}}],"collection":[{"href":"https:\/\/www.rokenderegahs.nl\/sv\/wp-json\/wp\/v2\/product"}],"about":[{"href":"https:\/\/www.rokenderegahs.nl\/sv\/wp-json\/wp\/v2\/types\/product"}],"wp:featuredmedia":[{"embeddable":true,"href":"https:\/\/www.rokenderegahs.nl\/sv\/wp-json\/wp\/v2\/media\/5209"}],"wp:attachment":[{"href":"https:\/\/www.rokenderegahs.nl\/sv\/wp-json\/wp\/v2\/media?parent=650"}],"wp:term":[{"taxonomy":"product_brand","embeddable":true,"href":"https:\/\/www.rokenderegahs.nl\/sv\/wp-json\/wp\/v2\/product_brand?post=650"},{"taxonomy":"product_cat","embeddable":true,"href":"https:\/\/www.rokenderegahs.nl\/sv\/wp-json\/wp\/v2\/product_cat?post=650"},{"taxonomy":"product_tag","embeddable":true,"href":"https:\/\/www.rokenderegahs.nl\/sv\/wp-json\/wp\/v2\/product_tag?post=650"}],"curies":[{"name":"wp","href":"https:\/\/api.w.org\/{rel}","templated":true}]}}