{"id":9312,"date":"2020-11-03T17:53:06","date_gmt":"2020-11-03T16:53:06","guid":{"rendered":"https:\/\/www.rokenderegahs.nl\/?post_type=product&#038;p=9312"},"modified":"2023-04-23T18:42:23","modified_gmt":"2023-04-23T16:42:23","slug":"bad-hot-dirty-box","status":"publish","type":"product","link":"https:\/\/www.rokenderegahs.nl\/sv\/produkt\/bad-hot-dirty-box\/","title":{"rendered":"Bad, Hot &amp; Dirty Box"},"content":{"rendered":"<p style=\"font-weight: 400;\">Att v\u00e4lja \u00e4r alltid knepigt. Vilken R\u00e8g\u00e2hrub ska du v\u00e4lja eller vilken \u00e4r den perfekta presenten att ge bort? Med v\u00e5r Bad, Hot &amp; Dirty Box beh\u00f6ver du inte l\u00e4ngre v\u00e4lja. Du f\u00e5r trots allt alla smaker i en vacker box. Att ge bort denna g\u00e5va kommer omedelbart att g\u00f6ra dig till den perfekta sv\u00e4rsonen, b\u00e4sta v\u00e4nnen eller s\u00f6taste partnern. Vi har gjort det enkelt f\u00f6r dig.<\/p>\n<p style=\"font-weight: 400;\">V\u00e5r presentf\u00f6rpackning inneh\u00e5ller precis tillr\u00e4ckligt f\u00f6r att du ska bli beroende av v\u00e5ra l\u00e4ckra rubs. G\u00f6r den godaste burgaren med Bad Buffalo Gunpowder, r\u00f6k de b\u00e4sta revbensspj\u00e4llen med Ol'Timer Dirty Hogs och ta po\u00e4ng med de saftigaste Smokin' Hot Chicken-vingarna.<\/p>\n<p style=\"font-weight: 400;\">Med v\u00e5r BBQ-krydda blir det enkelt att grilla gott.<\/p>\n<p style=\"font-weight: 400;\">\"Detta \u00e4r den perfekta presenten till alla grill\u00e4lskare!\"<\/p>\n<p style=\"font-weight: 400;\">","protected":false},"excerpt":{"rendered":"<p>Upplev den ultimata BBQ-rubben med v\u00e5r Bad, Hot &amp; Dirty Box! Den perfekta presenten f\u00f6r BBQ-\u00e4lskare. G\u00f6r de godaste hamburgarna, revbensspj\u00e4llen och kycklingvingarna med Bad Buffalo Gunpowder, Ol'Timer Dirty Hogs och Smokin' Hot Chicken wings. Best\u00e4ll nu och njut av enkel och v\u00e4lsmakande BBQ med v\u00e5ra l\u00e4ckra rubbar!<\/p>","protected":false},"featured_media":11099,"template":"","meta":[],"product_brand":[],"product_cat":[29,56],"product_tag":[106,294,293,292,290,55,30],"class_list":{"0":"post-9312","1":"product","2":"type-product","3":"status-publish","4":"has-post-thumbnail","6":"product_cat-regahrub","7":"product_cat-vergeet-me-niet","8":"product_tag-bad-hot-dirty","9":"product_tag-barbecue","10":"product_tag-bbq","11":"product_tag-bbq-kruiden","12":"product_tag-bbq-rub","13":"product_tag-regah-rub","14":"product_tag-regahrub","16":"first","17":"instock","18":"taxable","19":"shipping-taxable","20":"purchasable","21":"product-type-simple"},"brizy_media":[],"_links":{"self":[{"href":"https:\/\/www.rokenderegahs.nl\/sv\/wp-json\/wp\/v2\/product\/9312","targetHints":{"allow":["GET"]}}],"collection":[{"href":"https:\/\/www.rokenderegahs.nl\/sv\/wp-json\/wp\/v2\/product"}],"about":[{"href":"https:\/\/www.rokenderegahs.nl\/sv\/wp-json\/wp\/v2\/types\/product"}],"wp:featuredmedia":[{"embeddable":true,"href":"https:\/\/www.rokenderegahs.nl\/sv\/wp-json\/wp\/v2\/media\/11099"}],"wp:attachment":[{"href":"https:\/\/www.rokenderegahs.nl\/sv\/wp-json\/wp\/v2\/media?parent=9312"}],"wp:term":[{"taxonomy":"product_brand","embeddable":true,"href":"https:\/\/www.rokenderegahs.nl\/sv\/wp-json\/wp\/v2\/product_brand?post=9312"},{"taxonomy":"product_cat","embeddable":true,"href":"https:\/\/www.rokenderegahs.nl\/sv\/wp-json\/wp\/v2\/product_cat?post=9312"},{"taxonomy":"product_tag","embeddable":true,"href":"https:\/\/www.rokenderegahs.nl\/sv\/wp-json\/wp\/v2\/product_tag?post=9312"}],"curies":[{"name":"wp","href":"https:\/\/api.w.org\/{rel}","templated":true}]}}